{"id":322,"date":"2025-10-14T01:29:31","date_gmt":"2025-10-13T22:29:31","guid":{"rendered":"https:\/\/grandtower.shop\/v2\/?page_id=322"},"modified":"2026-03-10T12:47:08","modified_gmt":"2026-03-10T09:47:08","slug":"teslimat-ve-iade-politikasi","status":"publish","type":"page","link":"https:\/\/grandtower.shop\/?page_id=322","title":{"rendered":"Teslimat ve \u0130ade Politikas\u0131"},"content":{"rendered":"\t\t<div data-elementor-type=\"wp-page\" data-elementor-id=\"322\" class=\"elementor elementor-322\" data-elementor-post-type=\"page\">\n\t\t\t\t<div class=\"elementor-element elementor-element-07b9291 e-flex e-con-boxed e-con e-parent\" data-id=\"07b9291\" data-element_type=\"container\" data-settings=\"{&quot;ekit_has_onepagescroll_dot&quot;:&quot;yes&quot;}\">\n\t\t\t\t\t<div class=\"e-con-inner\">\n\t\t\t\t<div class=\"elementor-element elementor-element-2011409 elementor-widget elementor-widget-text-editor\" data-id=\"2011409\" data-element_type=\"widget\" data-settings=\"{&quot;ekit_we_effect_on&quot;:&quot;none&quot;}\" data-widget_type=\"text-editor.default\">\n\t\t\t\t\t\t\t\t\t<h2 data-start=\"438\" data-end=\"471\">TESL\u0130MAT VE \u0130ADE POL\u0130T\u0130KASI<\/h2>\n<p data-start=\"473\" data-end=\"782\"><strong data-start=\"473\" data-end=\"490\">Firma \u00dcnvan\u0131:<\/strong><\/p>\n<p class=\"p1\">VRYP GIDA \u0130N\u015eAAT VE TEKNOLOJ\u0130 L\u0130M\u0130TED \u015e\u0130RKET\u0130<\/p>\n<p class=\"p1\"><strong data-start=\"529\" data-end=\"544\">Ticari Ad\u0131:<\/strong> Grand Tower Shop<br data-start=\"563\" data-end=\"566\"><strong data-start=\"566\" data-end=\"576\">Adres:<\/strong><\/p>\n<p class=\"p1\">BARBAROS MAH. AL ZAMBAK SK. VARYAP MERIDIAN A<\/p>\n<p class=\"p1\">BLOK NO: 2 \u0130\u00c7 KAPI NO: 414 ATA\u015eEH\u0130R\/ \u0130STANBUL<\/p>\n<p class=\"p1\"><br data-start=\"650\" data-end=\"653\"><strong data-start=\"653\" data-end=\"671\">Vergi Dairesi:<\/strong> KOZYATA\u011eI<br data-start=\"681\" data-end=\"684\"><strong data-start=\"684\" data-end=\"697\">Vergi No:<\/strong> 9251319694<br data-start=\"708\" data-end=\"711\"><strong data-start=\"711\" data-end=\"723\">Telefon:<\/strong> +90 546 195 08 83<br data-start=\"737\" data-end=\"740\"><strong data-start=\"740\" data-end=\"752\">E-posta:<\/strong> <a class=\"decorated-link cursor-pointer\" rel=\"noopener\" data-start=\"753\" data-end=\"780\">info@grandtower.shop<\/a><\/p>\n<hr data-start=\"784\" data-end=\"787\">\n<h3 data-start=\"789\" data-end=\"811\">Teslimat Ko\u015fullar\u0131<\/h3>\n<ul data-start=\"812\" data-end=\"1314\">\n<li data-start=\"812\" data-end=\"907\">\n<p data-start=\"814\" data-end=\"907\">Sipari\u015fleriniz, stok durumuna g\u00f6re <strong data-start=\"849\" data-end=\"871\">en ge\u00e7 1-3 saat<\/strong> i\u00e7erisinde teslim edilir.<\/p>\n<\/li>\n<li data-start=\"973\" data-end=\"1075\">\n<p data-start=\"975\" data-end=\"1075\">Sipari\u015finiz kuryeye verildi\u011finde, size e-posta veya SMS yoluyla iletilir.<\/p><\/li>\n<\/ul>\n<hr data-start=\"1316\" data-end=\"1319\">\n<h3 data-start=\"1321\" data-end=\"1349\">\u0130ade ve De\u011fi\u015fim \u015eartlar\u0131<\/h3>\n<ul data-start=\"1350\" data-end=\"2004\">\n<li data-start=\"1350\" data-end=\"1444\">\n<p data-start=\"1352\" data-end=\"1444\">Sat\u0131n ald\u0131\u011f\u0131n\u0131z \u00fcr\u00fcnleri, <strong data-start=\"1378\" data-end=\"1422\">teslim an\u0131ndan 1 saat i\u00e7inde<\/strong> iade edebilirsiniz.<\/p>\n<\/li>\n<li data-start=\"1445\" data-end=\"1563\">\n<p data-start=\"1447\" data-end=\"1563\">\u00dcr\u00fcnlerin iadesi i\u00e7in; \u00fcr\u00fcn\u00fcn <strong data-start=\"1477\" data-end=\"1545\">orijinal ambalaj\u0131nda, kullan\u0131lmam\u0131\u015f, <\/strong>&nbsp;olmas\u0131 gerekir. (\u00f6zel durumlar hari\u00e7)<\/p>\n<\/li>\n<li data-start=\"1564\" data-end=\"1661\">\n<p data-start=\"1566\" data-end=\"1661\">G\u0131da, ki\u015fisel bak\u0131m veya hijyen \u00fcr\u00fcnleri, ambalaj\u0131 a\u00e7\u0131lm\u0131\u015f veya kullan\u0131lm\u0131\u015f ise iade al\u0131nmaz.<\/p>\n<\/li>\n<li data-start=\"1662\" data-end=\"1755\">\n<p data-start=\"1664\" data-end=\"1755\">\u0130ade i\u015flemleri, \u00fcr\u00fcn\u00fc teslim ald\u0131\u011f\u0131m\u0131z tarihten itibaren <strong data-start=\"1721\" data-end=\"1741\">7 i\u015f g\u00fcn\u00fc i\u00e7inde<\/strong> tamamlan\u0131r.<\/p>\n<\/li>\n<li data-start=\"1756\" data-end=\"1847\">\n<p data-start=\"1758\" data-end=\"1847\">\u00dccret iadesi, \u00f6deme yapt\u0131\u011f\u0131n\u0131z y\u00f6ntemle (kredi kart\u0131, havale vb.) ayn\u0131 \u015fekilde yap\u0131l\u0131r.<\/p>\n<\/li>\n<li data-start=\"1848\" data-end=\"2004\">\n<p data-start=\"1850\" data-end=\"2004\">\u0130ade talebinizi a\u015fa\u011f\u0131daki ileti\u015fim kanallar\u0131ndan bize iletebilirsiniz:<br data-start=\"1920\" data-end=\"1923\"><img decoding=\"async\" draggable=\"false\" role=\"img\" class=\"emoji\" alt=\"\ud83d\udce7\" src=\"https:\/\/s.w.org\/images\/core\/emoji\/17.0.2\/svg\/1f4e7.svg\"> <strong data-start=\"1928\" data-end=\"1940\">E-posta:<\/strong> <a class=\"decorated-link cursor-pointer\" rel=\"noopener\" data-start=\"1941\" data-end=\"1968\">info@grandtower.shop<\/a><br data-start=\"1968\" data-end=\"1971\"><img decoding=\"async\" draggable=\"false\" role=\"img\" class=\"emoji\" alt=\"\u260e\ufe0f\" src=\"https:\/\/s.w.org\/images\/core\/emoji\/17.0.2\/svg\/260e.svg\"> <strong data-start=\"1976\" data-end=\"1988\">Telefon:<\/strong> +90 546 195 08 83<\/p>\n<\/li>\n<\/ul>\n<hr data-start=\"2006\" data-end=\"2009\">\n<h3 data-start=\"2011\" data-end=\"2041\">Hasarl\u0131 veya Eksik \u00dcr\u00fcnler<\/h3>\n<ul data-start=\"2042\" data-end=\"2314\">\n<li data-start=\"2042\" data-end=\"2149\">\n<p data-start=\"2044\" data-end=\"2149\">Teslimat s\u0131ras\u0131nda <strong data-start=\"2063\" data-end=\"2083\">paket hasarl\u0131ysa<\/strong> kurye g\u00f6revlisine tutanak tutturunuz ve \u00fcr\u00fcn\u00fc teslim almay\u0131n\u0131z.<\/p>\n<\/li>\n<li data-start=\"2150\" data-end=\"2245\">\n<p data-start=\"2152\" data-end=\"2245\">Eksik veya hatal\u0131 g\u00f6nderim durumunda, 1 saat i\u00e7inde bizimle ileti\u015fime ge\u00e7meniz yeterlidir.<\/p>\n<\/li>\n<li data-start=\"2246\" data-end=\"2314\">\n<p data-start=\"2248\" data-end=\"2314\">\u0130nceleme sonucunda \u00fcr\u00fcn de\u011fi\u015fimi veya \u00fccret iadesi i\u015flemi yap\u0131l\u0131r.<\/p>\n<\/li>\n<\/ul>\t\t\t\t\t\t\t\t<\/div>\n\t\t\t\t\t<\/div>\n\t\t\t\t<\/div>\n\t\t\t\t<\/div>\n\t\t","protected":false},"excerpt":{"rendered":"<p>TESL\u0130MAT VE \u0130ADE POL\u0130T\u0130KASI Firma \u00dcnvan\u0131: VRYP GIDA \u0130N\u015eAAT VE TEKNOLOJ\u0130 L\u0130M\u0130TED \u015e\u0130RKET\u0130 Ticari Ad\u0131: Grand Tower ShopAdres: BARBAROS MAH. AL ZAMBAK SK. VARYAP MERIDIAN A BLOK NO: 2 \u0130\u00c7 KAPI NO: 414 ATA\u015eEH\u0130R\/ \u0130STANBUL Vergi Dairesi: KOZYATA\u011eIVergi No: 9251319694Telefon: +90 546 195 08 83E-posta: info@grandtower.shop Teslimat Ko\u015fullar\u0131 Sipari\u015fleriniz, stok durumuna g\u00f6re en ge\u00e7 1-3 [&hellip;]<\/p>\n","protected":false},"author":1,"featured_media":0,"parent":0,"menu_order":0,"comment_status":"closed","ping_status":"closed","template":"","meta":{"footnotes":""},"class_list":["post-322","page","type-page","status-publish","hentry"],"_links":{"self":[{"href":"https:\/\/grandtower.shop\/index.php?rest_route=\/wp\/v2\/pages\/322","targetHints":{"allow":["GET"]}}],"collection":[{"href":"https:\/\/grandtower.shop\/index.php?rest_route=\/wp\/v2\/pages"}],"about":[{"href":"https:\/\/grandtower.shop\/index.php?rest_route=\/wp\/v2\/types\/page"}],"author":[{"embeddable":true,"href":"https:\/\/grandtower.shop\/index.php?rest_route=\/wp\/v2\/users\/1"}],"replies":[{"embeddable":true,"href":"https:\/\/grandtower.shop\/index.php?rest_route=%2Fwp%2Fv2%2Fcomments&post=322"}],"version-history":[{"count":13,"href":"https:\/\/grandtower.shop\/index.php?rest_route=\/wp\/v2\/pages\/322\/revisions"}],"predecessor-version":[{"id":4206,"href":"https:\/\/grandtower.shop\/index.php?rest_route=\/wp\/v2\/pages\/322\/revisions\/4206"}],"wp:attachment":[{"href":"https:\/\/grandtower.shop\/index.php?rest_route=%2Fwp%2Fv2%2Fmedia&parent=322"}],"curies":[{"name":"wp","href":"https:\/\/api.w.org\/{rel}","templated":true}]}}