{"id":1236,"date":"2025-12-12T02:12:51","date_gmt":"2025-12-11T23:12:51","guid":{"rendered":"https:\/\/grandtower.shop\/v2\/?product=binboga-suzme-cicek-bali-90g-tup"},"modified":"2026-04-02T16:26:56","modified_gmt":"2026-04-02T13:26:56","slug":"binboga-suzme-cicek-bali-90g-tup","status":"publish","type":"product","link":"https:\/\/grandtower.shop\/urun\/binboga-suzme-cicek-bali-90g-tup\/","title":{"rendered":"Binbo\u011fa S\u00fczme \u00c7i\u00e7ek Bal\u0131 90G T\u00fcp"},"content":{"rendered":"","protected":false},"excerpt":{"rendered":"","protected":false},"featured_media":1235,"comment_status":"open","ping_status":"closed","template":"","meta":[],"product_brand":[186],"product_cat":[149],"product_tag":[166],"class_list":{"0":"post-1236","1":"product","2":"type-product","3":"status-publish","4":"has-post-thumbnail","6":"product_brand-koska","7":"product_cat-gida","8":"product_tag-bal","10":"first","11":"instock","12":"shipping-taxable","13":"purchasable","14":"product-type-simple"},"_links":{"self":[{"href":"https:\/\/grandtower.shop\/wp-json\/wp\/v2\/product\/1236","targetHints":{"allow":["GET"]}}],"collection":[{"href":"https:\/\/grandtower.shop\/wp-json\/wp\/v2\/product"}],"about":[{"href":"https:\/\/grandtower.shop\/wp-json\/wp\/v2\/types\/product"}],"replies":[{"embeddable":true,"href":"https:\/\/grandtower.shop\/wp-json\/wp\/v2\/comments?post=1236"}],"wp:featuredmedia":[{"embeddable":true,"href":"https:\/\/grandtower.shop\/wp-json\/wp\/v2\/media\/1235"}],"wp:attachment":[{"href":"https:\/\/grandtower.shop\/wp-json\/wp\/v2\/media?parent=1236"}],"wp:term":[{"taxonomy":"product_brand","embeddable":true,"href":"https:\/\/grandtower.shop\/wp-json\/wp\/v2\/product_brand?post=1236"},{"taxonomy":"product_cat","embeddable":true,"href":"https:\/\/grandtower.shop\/wp-json\/wp\/v2\/product_cat?post=1236"},{"taxonomy":"product_tag","embeddable":true,"href":"https:\/\/grandtower.shop\/wp-json\/wp\/v2\/product_tag?post=1236"}],"curies":[{"name":"wp","href":"https:\/\/api.w.org\/{rel}","templated":true}]}}