{"id":1276,"date":"2025-12-12T02:13:21","date_gmt":"2025-12-11T23:13:21","guid":{"rendered":"https:\/\/grandtower.shop\/v2\/?product=cerezza-super-boy-121gr-tv-sut-misir"},"modified":"2026-04-02T16:26:56","modified_gmt":"2026-04-02T13:26:56","slug":"cerezza-super-boy-121gr-tv-sut-misir","status":"publish","type":"product","link":"https:\/\/grandtower.shop\/urun\/cerezza-super-boy-121gr-tv-sut-misir\/","title":{"rendered":"\u00c7erezza S\u00fcper Boy 121Gr Tv S\u00fct M\u0131s\u0131r"},"content":{"rendered":"","protected":false},"excerpt":{"rendered":"","protected":false},"featured_media":1275,"comment_status":"open","ping_status":"closed","template":"","meta":[],"product_brand":[193],"product_cat":[149],"product_tag":[192],"class_list":{"0":"post-1276","1":"product","2":"type-product","3":"status-publish","4":"has-post-thumbnail","6":"product_brand-cerezza","7":"product_cat-gida","8":"product_tag-cips","10":"first","11":"instock","12":"shipping-taxable","13":"purchasable","14":"product-type-simple"},"_links":{"self":[{"href":"https:\/\/grandtower.shop\/wp-json\/wp\/v2\/product\/1276","targetHints":{"allow":["GET"]}}],"collection":[{"href":"https:\/\/grandtower.shop\/wp-json\/wp\/v2\/product"}],"about":[{"href":"https:\/\/grandtower.shop\/wp-json\/wp\/v2\/types\/product"}],"replies":[{"embeddable":true,"href":"https:\/\/grandtower.shop\/wp-json\/wp\/v2\/comments?post=1276"}],"wp:featuredmedia":[{"embeddable":true,"href":"https:\/\/grandtower.shop\/wp-json\/wp\/v2\/media\/1275"}],"wp:attachment":[{"href":"https:\/\/grandtower.shop\/wp-json\/wp\/v2\/media?parent=1276"}],"wp:term":[{"taxonomy":"product_brand","embeddable":true,"href":"https:\/\/grandtower.shop\/wp-json\/wp\/v2\/product_brand?post=1276"},{"taxonomy":"product_cat","embeddable":true,"href":"https:\/\/grandtower.shop\/wp-json\/wp\/v2\/product_cat?post=1276"},{"taxonomy":"product_tag","embeddable":true,"href":"https:\/\/grandtower.shop\/wp-json\/wp\/v2\/product_tag?post=1276"}],"curies":[{"name":"wp","href":"https:\/\/api.w.org\/{rel}","templated":true}]}}