{"id":1298,"date":"2025-12-12T02:14:13","date_gmt":"2025-12-11T23:14:13","guid":{"rendered":"https:\/\/grandtower.shop\/v2\/?product=cotanak-aycicek-yagi-5lt-pet"},"modified":"2026-04-02T16:26:56","modified_gmt":"2026-04-02T13:26:56","slug":"cotanak-aycicek-yagi-5lt-pet","status":"publish","type":"product","link":"https:\/\/grandtower.shop\/?product=cotanak-aycicek-yagi-5lt-pet","title":{"rendered":"\u00c7otanak Ay\u00e7i\u00e7ek Ya\u011f\u0131 5Lt Pet"},"content":{"rendered":"","protected":false},"excerpt":{"rendered":"","protected":false},"featured_media":1297,"comment_status":"open","ping_status":"closed","template":"","meta":[],"product_brand":[199],"product_cat":[149],"product_tag":[198],"class_list":{"0":"post-1298","1":"product","2":"type-product","3":"status-publish","4":"has-post-thumbnail","6":"product_brand-cotanak","7":"product_cat-gida","8":"product_tag-sivi-yag","10":"first","11":"instock","12":"shipping-taxable","13":"purchasable","14":"product-type-simple"},"_links":{"self":[{"href":"https:\/\/grandtower.shop\/index.php?rest_route=\/wp\/v2\/product\/1298","targetHints":{"allow":["GET"]}}],"collection":[{"href":"https:\/\/grandtower.shop\/index.php?rest_route=\/wp\/v2\/product"}],"about":[{"href":"https:\/\/grandtower.shop\/index.php?rest_route=\/wp\/v2\/types\/product"}],"replies":[{"embeddable":true,"href":"https:\/\/grandtower.shop\/index.php?rest_route=%2Fwp%2Fv2%2Fcomments&post=1298"}],"wp:featuredmedia":[{"embeddable":true,"href":"https:\/\/grandtower.shop\/index.php?rest_route=\/wp\/v2\/media\/1297"}],"wp:attachment":[{"href":"https:\/\/grandtower.shop\/index.php?rest_route=%2Fwp%2Fv2%2Fmedia&parent=1298"}],"wp:term":[{"taxonomy":"product_brand","embeddable":true,"href":"https:\/\/grandtower.shop\/index.php?rest_route=%2Fwp%2Fv2%2Fproduct_brand&post=1298"},{"taxonomy":"product_cat","embeddable":true,"href":"https:\/\/grandtower.shop\/index.php?rest_route=%2Fwp%2Fv2%2Fproduct_cat&post=1298"},{"taxonomy":"product_tag","embeddable":true,"href":"https:\/\/grandtower.shop\/index.php?rest_route=%2Fwp%2Fv2%2Fproduct_tag&post=1298"}],"curies":[{"name":"wp","href":"https:\/\/api.w.org\/{rel}","templated":true}]}}