{"id":1336,"date":"2025-12-12T02:14:31","date_gmt":"2025-12-11T23:14:31","guid":{"rendered":"https:\/\/grandtower.shop\/v2\/?product=dogus-bergamot-aromali-siyah-cay-1000g"},"modified":"2026-04-02T16:26:56","modified_gmt":"2026-04-02T13:26:56","slug":"dogus-bergamot-aromali-siyah-cay-1000g","status":"publish","type":"product","link":"https:\/\/grandtower.shop\/?product=dogus-bergamot-aromali-siyah-cay-1000g","title":{"rendered":"Do\u011fu\u015f Bergamot Aromal\u0131 Siyah \u00c7ay 1000G"},"content":{"rendered":"","protected":false},"excerpt":{"rendered":"","protected":false},"featured_media":1335,"comment_status":"open","ping_status":"closed","template":"","meta":[],"product_brand":[205],"product_cat":[149],"product_tag":[173],"class_list":{"0":"post-1336","1":"product","2":"type-product","3":"status-publish","4":"has-post-thumbnail","6":"product_brand-dogus","7":"product_cat-gida","8":"product_tag-cay","10":"first","11":"instock","12":"shipping-taxable","13":"purchasable","14":"product-type-simple"},"_links":{"self":[{"href":"https:\/\/grandtower.shop\/index.php?rest_route=\/wp\/v2\/product\/1336","targetHints":{"allow":["GET"]}}],"collection":[{"href":"https:\/\/grandtower.shop\/index.php?rest_route=\/wp\/v2\/product"}],"about":[{"href":"https:\/\/grandtower.shop\/index.php?rest_route=\/wp\/v2\/types\/product"}],"replies":[{"embeddable":true,"href":"https:\/\/grandtower.shop\/index.php?rest_route=%2Fwp%2Fv2%2Fcomments&post=1336"}],"wp:featuredmedia":[{"embeddable":true,"href":"https:\/\/grandtower.shop\/index.php?rest_route=\/wp\/v2\/media\/1335"}],"wp:attachment":[{"href":"https:\/\/grandtower.shop\/index.php?rest_route=%2Fwp%2Fv2%2Fmedia&parent=1336"}],"wp:term":[{"taxonomy":"product_brand","embeddable":true,"href":"https:\/\/grandtower.shop\/index.php?rest_route=%2Fwp%2Fv2%2Fproduct_brand&post=1336"},{"taxonomy":"product_cat","embeddable":true,"href":"https:\/\/grandtower.shop\/index.php?rest_route=%2Fwp%2Fv2%2Fproduct_cat&post=1336"},{"taxonomy":"product_tag","embeddable":true,"href":"https:\/\/grandtower.shop\/index.php?rest_route=%2Fwp%2Fv2%2Fproduct_tag&post=1336"}],"curies":[{"name":"wp","href":"https:\/\/api.w.org\/{rel}","templated":true}]}}