{"id":1354,"date":"2025-12-12T02:14:39","date_gmt":"2025-12-11T23:14:39","guid":{"rendered":"https:\/\/grandtower.shop\/v2\/?product=doritos-party-boy-140gr-dippas-baharatli-karisim"},"modified":"2026-04-02T16:26:55","modified_gmt":"2026-04-02T13:26:55","slug":"doritos-party-boy-140gr-dippas-baharatli-karisim","status":"publish","type":"product","link":"https:\/\/grandtower.shop\/urun\/doritos-party-boy-140gr-dippas-baharatli-karisim\/","title":{"rendered":"Doritos Party Boy 140Gr Dippas Baharatl\u0131 Kar\u0131\u015f\u0131m"},"content":{"rendered":"","protected":false},"excerpt":{"rendered":"","protected":false},"featured_media":1353,"comment_status":"open","ping_status":"closed","template":"","meta":[],"product_brand":[206],"product_cat":[149],"product_tag":[192],"class_list":{"0":"post-1354","1":"product","2":"type-product","3":"status-publish","4":"has-post-thumbnail","6":"product_brand-doritos","7":"product_cat-gida","8":"product_tag-cips","10":"first","11":"instock","12":"shipping-taxable","13":"purchasable","14":"product-type-simple"},"_links":{"self":[{"href":"https:\/\/grandtower.shop\/wp-json\/wp\/v2\/product\/1354","targetHints":{"allow":["GET"]}}],"collection":[{"href":"https:\/\/grandtower.shop\/wp-json\/wp\/v2\/product"}],"about":[{"href":"https:\/\/grandtower.shop\/wp-json\/wp\/v2\/types\/product"}],"replies":[{"embeddable":true,"href":"https:\/\/grandtower.shop\/wp-json\/wp\/v2\/comments?post=1354"}],"wp:featuredmedia":[{"embeddable":true,"href":"https:\/\/grandtower.shop\/wp-json\/wp\/v2\/media\/1353"}],"wp:attachment":[{"href":"https:\/\/grandtower.shop\/wp-json\/wp\/v2\/media?parent=1354"}],"wp:term":[{"taxonomy":"product_brand","embeddable":true,"href":"https:\/\/grandtower.shop\/wp-json\/wp\/v2\/product_brand?post=1354"},{"taxonomy":"product_cat","embeddable":true,"href":"https:\/\/grandtower.shop\/wp-json\/wp\/v2\/product_cat?post=1354"},{"taxonomy":"product_tag","embeddable":true,"href":"https:\/\/grandtower.shop\/wp-json\/wp\/v2\/product_tag?post=1354"}],"curies":[{"name":"wp","href":"https:\/\/api.w.org\/{rel}","templated":true}]}}