{"id":1410,"date":"2025-12-12T02:15:07","date_gmt":"2025-12-11T23:15:07","guid":{"rendered":"https:\/\/grandtower.shop\/v2\/?product=dr-oetker-krem-santi-77-gr-cikolatali"},"modified":"2026-04-02T16:26:55","modified_gmt":"2026-04-02T13:26:55","slug":"dr-oetker-krem-santi-77-gr-cikolatali","status":"publish","type":"product","link":"https:\/\/grandtower.shop\/?product=dr-oetker-krem-santi-77-gr-cikolatali","title":{"rendered":"Dr.Oetker Krem \u015eanti 77 Gr \u00c7ikolatal\u0131"},"content":{"rendered":"","protected":false},"excerpt":{"rendered":"","protected":false},"featured_media":1409,"comment_status":"open","ping_status":"closed","template":"","meta":[],"product_brand":[210],"product_cat":[149],"product_tag":[162,161],"class_list":{"0":"post-1410","1":"product","2":"type-product","3":"status-publish","4":"has-post-thumbnail","6":"product_brand-dr-oetker","7":"product_cat-gida","8":"product_tag-tatli","9":"product_tag-unlu-mamul","11":"first","12":"instock","13":"shipping-taxable","14":"purchasable","15":"product-type-simple"},"_links":{"self":[{"href":"https:\/\/grandtower.shop\/index.php?rest_route=\/wp\/v2\/product\/1410","targetHints":{"allow":["GET"]}}],"collection":[{"href":"https:\/\/grandtower.shop\/index.php?rest_route=\/wp\/v2\/product"}],"about":[{"href":"https:\/\/grandtower.shop\/index.php?rest_route=\/wp\/v2\/types\/product"}],"replies":[{"embeddable":true,"href":"https:\/\/grandtower.shop\/index.php?rest_route=%2Fwp%2Fv2%2Fcomments&post=1410"}],"wp:featuredmedia":[{"embeddable":true,"href":"https:\/\/grandtower.shop\/index.php?rest_route=\/wp\/v2\/media\/1409"}],"wp:attachment":[{"href":"https:\/\/grandtower.shop\/index.php?rest_route=%2Fwp%2Fv2%2Fmedia&parent=1410"}],"wp:term":[{"taxonomy":"product_brand","embeddable":true,"href":"https:\/\/grandtower.shop\/index.php?rest_route=%2Fwp%2Fv2%2Fproduct_brand&post=1410"},{"taxonomy":"product_cat","embeddable":true,"href":"https:\/\/grandtower.shop\/index.php?rest_route=%2Fwp%2Fv2%2Fproduct_cat&post=1410"},{"taxonomy":"product_tag","embeddable":true,"href":"https:\/\/grandtower.shop\/index.php?rest_route=%2Fwp%2Fv2%2Fproduct_tag&post=1410"}],"curies":[{"name":"wp","href":"https:\/\/api.w.org\/{rel}","templated":true}]}}