{"id":1478,"date":"2025-12-12T02:17:04","date_gmt":"2025-12-11T23:17:04","guid":{"rendered":"https:\/\/grandtower.shop\/v2\/?product=eti-lifalif-granola-yer-fistikli-uzumlu-find-bad-200-gr"},"modified":"2026-04-02T16:26:55","modified_gmt":"2026-04-02T13:26:55","slug":"eti-lifalif-granola-yer-fistikli-uzumlu-find-bad-200-gr","status":"publish","type":"product","link":"https:\/\/grandtower.shop\/?product=eti-lifalif-granola-yer-fistikli-uzumlu-find-bad-200-gr","title":{"rendered":"Eti Lifalif Granola Yer F\u0131st\u0131kl\u0131 \u00dcz\u00fcml\u00fc F\u0131nd.Bad.200 gr"},"content":{"rendered":"","protected":false},"excerpt":{"rendered":"","protected":false},"featured_media":1477,"comment_status":"open","ping_status":"closed","template":"","meta":[],"product_brand":[74],"product_cat":[149],"product_tag":[164],"class_list":{"0":"post-1478","1":"product","2":"type-product","3":"status-publish","4":"has-post-thumbnail","6":"product_brand-eti","7":"product_cat-gida","8":"product_tag-kahvalti-gevregi","10":"first","11":"instock","12":"shipping-taxable","13":"purchasable","14":"product-type-simple"},"_links":{"self":[{"href":"https:\/\/grandtower.shop\/index.php?rest_route=\/wp\/v2\/product\/1478","targetHints":{"allow":["GET"]}}],"collection":[{"href":"https:\/\/grandtower.shop\/index.php?rest_route=\/wp\/v2\/product"}],"about":[{"href":"https:\/\/grandtower.shop\/index.php?rest_route=\/wp\/v2\/types\/product"}],"replies":[{"embeddable":true,"href":"https:\/\/grandtower.shop\/index.php?rest_route=%2Fwp%2Fv2%2Fcomments&post=1478"}],"wp:featuredmedia":[{"embeddable":true,"href":"https:\/\/grandtower.shop\/index.php?rest_route=\/wp\/v2\/media\/1477"}],"wp:attachment":[{"href":"https:\/\/grandtower.shop\/index.php?rest_route=%2Fwp%2Fv2%2Fmedia&parent=1478"}],"wp:term":[{"taxonomy":"product_brand","embeddable":true,"href":"https:\/\/grandtower.shop\/index.php?rest_route=%2Fwp%2Fv2%2Fproduct_brand&post=1478"},{"taxonomy":"product_cat","embeddable":true,"href":"https:\/\/grandtower.shop\/index.php?rest_route=%2Fwp%2Fv2%2Fproduct_cat&post=1478"},{"taxonomy":"product_tag","embeddable":true,"href":"https:\/\/grandtower.shop\/index.php?rest_route=%2Fwp%2Fv2%2Fproduct_tag&post=1478"}],"curies":[{"name":"wp","href":"https:\/\/api.w.org\/{rel}","templated":true}]}}