{"id":1514,"date":"2025-12-12T02:17:21","date_gmt":"2025-12-11T23:17:21","guid":{"rendered":"https:\/\/grandtower.shop\/v2\/?product=fellas-granola-bar-23g-kirmizi-meyveli"},"modified":"2026-04-02T16:26:55","modified_gmt":"2026-04-02T13:26:55","slug":"fellas-granola-bar-23g-kirmizi-meyveli","status":"publish","type":"product","link":"https:\/\/grandtower.shop\/?product=fellas-granola-bar-23g-kirmizi-meyveli","title":{"rendered":"Fellas Granola Bar 23G K\u0131rm\u0131z\u0131 Meyveli"},"content":{"rendered":"","protected":false},"excerpt":{"rendered":"","protected":false},"featured_media":1513,"comment_status":"open","ping_status":"closed","template":"","meta":[],"product_brand":[222],"product_cat":[149],"product_tag":[215],"class_list":{"0":"post-1514","1":"product","2":"type-product","3":"status-publish","4":"has-post-thumbnail","6":"product_brand-fellas","7":"product_cat-gida","8":"product_tag-bar-ve-kaplilar","10":"first","11":"instock","12":"shipping-taxable","13":"purchasable","14":"product-type-simple"},"_links":{"self":[{"href":"https:\/\/grandtower.shop\/index.php?rest_route=\/wp\/v2\/product\/1514","targetHints":{"allow":["GET"]}}],"collection":[{"href":"https:\/\/grandtower.shop\/index.php?rest_route=\/wp\/v2\/product"}],"about":[{"href":"https:\/\/grandtower.shop\/index.php?rest_route=\/wp\/v2\/types\/product"}],"replies":[{"embeddable":true,"href":"https:\/\/grandtower.shop\/index.php?rest_route=%2Fwp%2Fv2%2Fcomments&post=1514"}],"wp:featuredmedia":[{"embeddable":true,"href":"https:\/\/grandtower.shop\/index.php?rest_route=\/wp\/v2\/media\/1513"}],"wp:attachment":[{"href":"https:\/\/grandtower.shop\/index.php?rest_route=%2Fwp%2Fv2%2Fmedia&parent=1514"}],"wp:term":[{"taxonomy":"product_brand","embeddable":true,"href":"https:\/\/grandtower.shop\/index.php?rest_route=%2Fwp%2Fv2%2Fproduct_brand&post=1514"},{"taxonomy":"product_cat","embeddable":true,"href":"https:\/\/grandtower.shop\/index.php?rest_route=%2Fwp%2Fv2%2Fproduct_cat&post=1514"},{"taxonomy":"product_tag","embeddable":true,"href":"https:\/\/grandtower.shop\/index.php?rest_route=%2Fwp%2Fv2%2Fproduct_tag&post=1514"}],"curies":[{"name":"wp","href":"https:\/\/api.w.org\/{rel}","templated":true}]}}