{"id":1658,"date":"2025-12-12T02:21:24","date_gmt":"2025-12-11T23:21:24","guid":{"rendered":"https:\/\/grandtower.shop\/v2\/?product=kahve-dunyasi-2in1-findikli-sekersiz-kahve-12gr"},"modified":"2026-04-02T16:26:54","modified_gmt":"2026-04-02T13:26:54","slug":"kahve-dunyasi-2in1-findikli-sekersiz-kahve-12gr","status":"publish","type":"product","link":"https:\/\/grandtower.shop\/?product=kahve-dunyasi-2in1-findikli-sekersiz-kahve-12gr","title":{"rendered":"Kahve D\u00fcnyas\u0131 2&#8217;\u0130n1 F\u0131nd\u0131kl\u0131 \u015eekersiz Kahve 12Gr"},"content":{"rendered":"","protected":false},"excerpt":{"rendered":"","protected":false},"featured_media":1657,"comment_status":"open","ping_status":"closed","template":"","meta":[],"product_brand":[244],"product_cat":[149],"product_tag":[150],"class_list":{"0":"post-1658","1":"product","2":"type-product","3":"status-publish","4":"has-post-thumbnail","6":"product_brand-kahve-dunyasi","7":"product_cat-gida","8":"product_tag-kahve","10":"first","11":"instock","12":"shipping-taxable","13":"purchasable","14":"product-type-simple"},"_links":{"self":[{"href":"https:\/\/grandtower.shop\/index.php?rest_route=\/wp\/v2\/product\/1658","targetHints":{"allow":["GET"]}}],"collection":[{"href":"https:\/\/grandtower.shop\/index.php?rest_route=\/wp\/v2\/product"}],"about":[{"href":"https:\/\/grandtower.shop\/index.php?rest_route=\/wp\/v2\/types\/product"}],"replies":[{"embeddable":true,"href":"https:\/\/grandtower.shop\/index.php?rest_route=%2Fwp%2Fv2%2Fcomments&post=1658"}],"wp:featuredmedia":[{"embeddable":true,"href":"https:\/\/grandtower.shop\/index.php?rest_route=\/wp\/v2\/media\/1657"}],"wp:attachment":[{"href":"https:\/\/grandtower.shop\/index.php?rest_route=%2Fwp%2Fv2%2Fmedia&parent=1658"}],"wp:term":[{"taxonomy":"product_brand","embeddable":true,"href":"https:\/\/grandtower.shop\/index.php?rest_route=%2Fwp%2Fv2%2Fproduct_brand&post=1658"},{"taxonomy":"product_cat","embeddable":true,"href":"https:\/\/grandtower.shop\/index.php?rest_route=%2Fwp%2Fv2%2Fproduct_cat&post=1658"},{"taxonomy":"product_tag","embeddable":true,"href":"https:\/\/grandtower.shop\/index.php?rest_route=%2Fwp%2Fv2%2Fproduct_tag&post=1658"}],"curies":[{"name":"wp","href":"https:\/\/api.w.org\/{rel}","templated":true}]}}