{"id":1786,"date":"2025-12-12T02:24:35","date_gmt":"2025-12-11T23:24:35","guid":{"rendered":"https:\/\/grandtower.shop\/v2\/?product=kuhne-kozlenmis-patlican-salatasi-520gr"},"modified":"2026-04-02T16:26:54","modified_gmt":"2026-04-02T13:26:54","slug":"kuhne-kozlenmis-patlican-salatasi-520gr","status":"publish","type":"product","link":"https:\/\/grandtower.shop\/?product=kuhne-kozlenmis-patlican-salatasi-520gr","title":{"rendered":"K\u00fchne K\u00f6zlenmi\u015f Patl\u0131can Salatas\u0131 520Gr"},"content":{"rendered":"","protected":false},"excerpt":{"rendered":"","protected":false},"featured_media":1785,"comment_status":"open","ping_status":"closed","template":"","meta":[],"product_brand":[56],"product_cat":[149],"product_tag":[181],"class_list":{"0":"post-1786","1":"product","2":"type-product","3":"status-publish","4":"has-post-thumbnail","6":"product_brand-kuhne","7":"product_cat-gida","8":"product_tag-konserve","10":"first","11":"instock","12":"sale","13":"shipping-taxable","14":"purchasable","15":"product-type-simple"},"_links":{"self":[{"href":"https:\/\/grandtower.shop\/index.php?rest_route=\/wp\/v2\/product\/1786","targetHints":{"allow":["GET"]}}],"collection":[{"href":"https:\/\/grandtower.shop\/index.php?rest_route=\/wp\/v2\/product"}],"about":[{"href":"https:\/\/grandtower.shop\/index.php?rest_route=\/wp\/v2\/types\/product"}],"replies":[{"embeddable":true,"href":"https:\/\/grandtower.shop\/index.php?rest_route=%2Fwp%2Fv2%2Fcomments&post=1786"}],"wp:featuredmedia":[{"embeddable":true,"href":"https:\/\/grandtower.shop\/index.php?rest_route=\/wp\/v2\/media\/1785"}],"wp:attachment":[{"href":"https:\/\/grandtower.shop\/index.php?rest_route=%2Fwp%2Fv2%2Fmedia&parent=1786"}],"wp:term":[{"taxonomy":"product_brand","embeddable":true,"href":"https:\/\/grandtower.shop\/index.php?rest_route=%2Fwp%2Fv2%2Fproduct_brand&post=1786"},{"taxonomy":"product_cat","embeddable":true,"href":"https:\/\/grandtower.shop\/index.php?rest_route=%2Fwp%2Fv2%2Fproduct_cat&post=1786"},{"taxonomy":"product_tag","embeddable":true,"href":"https:\/\/grandtower.shop\/index.php?rest_route=%2Fwp%2Fv2%2Fproduct_tag&post=1786"}],"curies":[{"name":"wp","href":"https:\/\/api.w.org\/{rel}","templated":true}]}}