{"id":1846,"date":"2025-12-12T02:27:14","date_gmt":"2025-12-11T23:27:14","guid":{"rendered":"https:\/\/grandtower.shop\/v2\/?product=mm-s-fistikli-45g"},"modified":"2026-04-02T16:26:53","modified_gmt":"2026-04-02T13:26:53","slug":"mm-s-fistikli-45g","status":"publish","type":"product","link":"https:\/\/grandtower.shop\/urun\/mm-s-fistikli-45g\/","title":{"rendered":"Mm S F\u0131st\u0131kl\u0131 45G"},"content":{"rendered":"","protected":false},"excerpt":{"rendered":"","protected":false},"featured_media":1845,"comment_status":"open","ping_status":"closed","template":"","meta":[],"product_brand":[266],"product_cat":[149],"product_tag":[265],"class_list":{"0":"post-1846","1":"product","2":"type-product","3":"status-publish","4":"has-post-thumbnail","6":"product_brand-mm","7":"product_cat-gida","8":"product_tag-drajeler","10":"first","11":"instock","12":"shipping-taxable","13":"purchasable","14":"product-type-simple"},"_links":{"self":[{"href":"https:\/\/grandtower.shop\/wp-json\/wp\/v2\/product\/1846","targetHints":{"allow":["GET"]}}],"collection":[{"href":"https:\/\/grandtower.shop\/wp-json\/wp\/v2\/product"}],"about":[{"href":"https:\/\/grandtower.shop\/wp-json\/wp\/v2\/types\/product"}],"replies":[{"embeddable":true,"href":"https:\/\/grandtower.shop\/wp-json\/wp\/v2\/comments?post=1846"}],"wp:featuredmedia":[{"embeddable":true,"href":"https:\/\/grandtower.shop\/wp-json\/wp\/v2\/media\/1845"}],"wp:attachment":[{"href":"https:\/\/grandtower.shop\/wp-json\/wp\/v2\/media?parent=1846"}],"wp:term":[{"taxonomy":"product_brand","embeddable":true,"href":"https:\/\/grandtower.shop\/wp-json\/wp\/v2\/product_brand?post=1846"},{"taxonomy":"product_cat","embeddable":true,"href":"https:\/\/grandtower.shop\/wp-json\/wp\/v2\/product_cat?post=1846"},{"taxonomy":"product_tag","embeddable":true,"href":"https:\/\/grandtower.shop\/wp-json\/wp\/v2\/product_tag?post=1846"}],"curies":[{"name":"wp","href":"https:\/\/api.w.org\/{rel}","templated":true}]}}