{"id":1962,"date":"2025-12-12T02:29:35","date_gmt":"2025-12-11T23:29:35","guid":{"rendered":"https:\/\/grandtower.shop\/v2\/?product=s-fresh-ton-baligi-150gr-m-fasulyeli"},"modified":"2026-04-02T16:26:53","modified_gmt":"2026-04-02T13:26:53","slug":"s-fresh-ton-baligi-150gr-m-fasulyeli","status":"publish","type":"product","link":"https:\/\/grandtower.shop\/?product=s-fresh-ton-baligi-150gr-m-fasulyeli","title":{"rendered":"S.Fresh Ton Bal\u0131\u011f\u0131 150Gr M.Fasulyeli"},"content":{"rendered":"","protected":false},"excerpt":{"rendered":"","protected":false},"featured_media":1961,"comment_status":"open","ping_status":"closed","template":"","meta":[],"product_brand":[80],"product_cat":[149],"product_tag":[181],"class_list":{"0":"post-1962","1":"product","2":"type-product","3":"status-publish","4":"has-post-thumbnail","6":"product_brand-s-fresh","7":"product_cat-gida","8":"product_tag-konserve","10":"first","11":"instock","12":"shipping-taxable","13":"purchasable","14":"product-type-simple"},"_links":{"self":[{"href":"https:\/\/grandtower.shop\/index.php?rest_route=\/wp\/v2\/product\/1962","targetHints":{"allow":["GET"]}}],"collection":[{"href":"https:\/\/grandtower.shop\/index.php?rest_route=\/wp\/v2\/product"}],"about":[{"href":"https:\/\/grandtower.shop\/index.php?rest_route=\/wp\/v2\/types\/product"}],"replies":[{"embeddable":true,"href":"https:\/\/grandtower.shop\/index.php?rest_route=%2Fwp%2Fv2%2Fcomments&post=1962"}],"wp:featuredmedia":[{"embeddable":true,"href":"https:\/\/grandtower.shop\/index.php?rest_route=\/wp\/v2\/media\/1961"}],"wp:attachment":[{"href":"https:\/\/grandtower.shop\/index.php?rest_route=%2Fwp%2Fv2%2Fmedia&parent=1962"}],"wp:term":[{"taxonomy":"product_brand","embeddable":true,"href":"https:\/\/grandtower.shop\/index.php?rest_route=%2Fwp%2Fv2%2Fproduct_brand&post=1962"},{"taxonomy":"product_cat","embeddable":true,"href":"https:\/\/grandtower.shop\/index.php?rest_route=%2Fwp%2Fv2%2Fproduct_cat&post=1962"},{"taxonomy":"product_tag","embeddable":true,"href":"https:\/\/grandtower.shop\/index.php?rest_route=%2Fwp%2Fv2%2Fproduct_tag&post=1962"}],"curies":[{"name":"wp","href":"https:\/\/api.w.org\/{rel}","templated":true}]}}