{"id":2006,"date":"2025-12-12T02:29:56","date_gmt":"2025-12-11T23:29:56","guid":{"rendered":"https:\/\/grandtower.shop\/v2\/?product=seyidoglu-recel-380gr-kayisi"},"modified":"2026-04-02T16:26:53","modified_gmt":"2026-04-02T13:26:53","slug":"seyidoglu-recel-380gr-kayisi","status":"publish","type":"product","link":"https:\/\/grandtower.shop\/?product=seyidoglu-recel-380gr-kayisi","title":{"rendered":"Seyido\u011flu Re\u00e7el 380Gr Kay\u0131s\u0131"},"content":{"rendered":"","protected":false},"excerpt":{"rendered":"","protected":false},"featured_media":2005,"comment_status":"open","ping_status":"closed","template":"","meta":[],"product_brand":[287],"product_cat":[149],"product_tag":[254,253],"class_list":{"0":"post-2006","1":"product","2":"type-product","3":"status-publish","4":"has-post-thumbnail","6":"product_brand-seyidoglu","7":"product_cat-gida","8":"product_tag-marmelat","9":"product_tag-recel","11":"first","12":"instock","13":"shipping-taxable","14":"purchasable","15":"product-type-simple"},"_links":{"self":[{"href":"https:\/\/grandtower.shop\/index.php?rest_route=\/wp\/v2\/product\/2006","targetHints":{"allow":["GET"]}}],"collection":[{"href":"https:\/\/grandtower.shop\/index.php?rest_route=\/wp\/v2\/product"}],"about":[{"href":"https:\/\/grandtower.shop\/index.php?rest_route=\/wp\/v2\/types\/product"}],"replies":[{"embeddable":true,"href":"https:\/\/grandtower.shop\/index.php?rest_route=%2Fwp%2Fv2%2Fcomments&post=2006"}],"wp:featuredmedia":[{"embeddable":true,"href":"https:\/\/grandtower.shop\/index.php?rest_route=\/wp\/v2\/media\/2005"}],"wp:attachment":[{"href":"https:\/\/grandtower.shop\/index.php?rest_route=%2Fwp%2Fv2%2Fmedia&parent=2006"}],"wp:term":[{"taxonomy":"product_brand","embeddable":true,"href":"https:\/\/grandtower.shop\/index.php?rest_route=%2Fwp%2Fv2%2Fproduct_brand&post=2006"},{"taxonomy":"product_cat","embeddable":true,"href":"https:\/\/grandtower.shop\/index.php?rest_route=%2Fwp%2Fv2%2Fproduct_cat&post=2006"},{"taxonomy":"product_tag","embeddable":true,"href":"https:\/\/grandtower.shop\/index.php?rest_route=%2Fwp%2Fv2%2Fproduct_tag&post=2006"}],"curies":[{"name":"wp","href":"https:\/\/api.w.org\/{rel}","templated":true}]}}