{"id":2046,"date":"2025-12-12T02:30:13","date_gmt":"2025-12-11T23:30:13","guid":{"rendered":"https:\/\/grandtower.shop\/v2\/?product=solen-biscolata-stix-34g-pirinc-patlakli"},"modified":"2026-04-02T16:26:52","modified_gmt":"2026-04-02T13:26:52","slug":"solen-biscolata-stix-34g-pirinc-patlakli","status":"publish","type":"product","link":"https:\/\/grandtower.shop\/urun\/solen-biscolata-stix-34g-pirinc-patlakli\/","title":{"rendered":"\u015e\u00f6len Biscolata Stix 34G Pirin\u00e7 Patlakl\u0131"},"content":{"rendered":"","protected":false},"excerpt":{"rendered":"","protected":false},"featured_media":2045,"comment_status":"open","ping_status":"closed","template":"","meta":[],"product_brand":[291],"product_cat":[149],"product_tag":[219],"class_list":{"0":"post-2046","1":"product","2":"type-product","3":"status-publish","4":"has-post-thumbnail","6":"product_brand-solen","7":"product_cat-gida","8":"product_tag-biskuvi","10":"first","11":"instock","12":"shipping-taxable","13":"purchasable","14":"product-type-simple"},"_links":{"self":[{"href":"https:\/\/grandtower.shop\/wp-json\/wp\/v2\/product\/2046","targetHints":{"allow":["GET"]}}],"collection":[{"href":"https:\/\/grandtower.shop\/wp-json\/wp\/v2\/product"}],"about":[{"href":"https:\/\/grandtower.shop\/wp-json\/wp\/v2\/types\/product"}],"replies":[{"embeddable":true,"href":"https:\/\/grandtower.shop\/wp-json\/wp\/v2\/comments?post=2046"}],"wp:featuredmedia":[{"embeddable":true,"href":"https:\/\/grandtower.shop\/wp-json\/wp\/v2\/media\/2045"}],"wp:attachment":[{"href":"https:\/\/grandtower.shop\/wp-json\/wp\/v2\/media?parent=2046"}],"wp:term":[{"taxonomy":"product_brand","embeddable":true,"href":"https:\/\/grandtower.shop\/wp-json\/wp\/v2\/product_brand?post=2046"},{"taxonomy":"product_cat","embeddable":true,"href":"https:\/\/grandtower.shop\/wp-json\/wp\/v2\/product_cat?post=2046"},{"taxonomy":"product_tag","embeddable":true,"href":"https:\/\/grandtower.shop\/wp-json\/wp\/v2\/product_tag?post=2046"}],"curies":[{"name":"wp","href":"https:\/\/api.w.org\/{rel}","templated":true}]}}