{"id":2118,"date":"2025-12-12T02:32:55","date_gmt":"2025-12-11T23:32:55","guid":{"rendered":"https:\/\/grandtower.shop\/v2\/?product=ucel-tahin-helvasi-830gr-fistikli-teneke"},"modified":"2026-04-02T16:26:52","modified_gmt":"2026-04-02T13:26:52","slug":"ucel-tahin-helvasi-830gr-fistikli-teneke","status":"publish","type":"product","link":"https:\/\/grandtower.shop\/?product=ucel-tahin-helvasi-830gr-fistikli-teneke","title":{"rendered":"\u00dc\u00e7el Tahin Helvas\u0131 830Gr F\u0131st\u0131kl\u0131 (Teneke)"},"content":{"rendered":"","protected":false},"excerpt":{"rendered":"","protected":false},"featured_media":2117,"comment_status":"open","ping_status":"closed","template":"","meta":[],"product_brand":[299],"product_cat":[149],"product_tag":[231,233,232],"class_list":{"0":"post-2118","1":"product","2":"type-product","3":"status-publish","4":"has-post-thumbnail","6":"product_brand-ucel","7":"product_cat-gida","8":"product_tag-helva","9":"product_tag-pekmez","10":"product_tag-tahin","12":"first","13":"instock","14":"shipping-taxable","15":"purchasable","16":"product-type-simple"},"_links":{"self":[{"href":"https:\/\/grandtower.shop\/index.php?rest_route=\/wp\/v2\/product\/2118","targetHints":{"allow":["GET"]}}],"collection":[{"href":"https:\/\/grandtower.shop\/index.php?rest_route=\/wp\/v2\/product"}],"about":[{"href":"https:\/\/grandtower.shop\/index.php?rest_route=\/wp\/v2\/types\/product"}],"replies":[{"embeddable":true,"href":"https:\/\/grandtower.shop\/index.php?rest_route=%2Fwp%2Fv2%2Fcomments&post=2118"}],"wp:featuredmedia":[{"embeddable":true,"href":"https:\/\/grandtower.shop\/index.php?rest_route=\/wp\/v2\/media\/2117"}],"wp:attachment":[{"href":"https:\/\/grandtower.shop\/index.php?rest_route=%2Fwp%2Fv2%2Fmedia&parent=2118"}],"wp:term":[{"taxonomy":"product_brand","embeddable":true,"href":"https:\/\/grandtower.shop\/index.php?rest_route=%2Fwp%2Fv2%2Fproduct_brand&post=2118"},{"taxonomy":"product_cat","embeddable":true,"href":"https:\/\/grandtower.shop\/index.php?rest_route=%2Fwp%2Fv2%2Fproduct_cat&post=2118"},{"taxonomy":"product_tag","embeddable":true,"href":"https:\/\/grandtower.shop\/index.php?rest_route=%2Fwp%2Fv2%2Fproduct_tag&post=2118"}],"curies":[{"name":"wp","href":"https:\/\/api.w.org\/{rel}","templated":true}]}}