{"id":2152,"date":"2025-12-12T02:33:09","date_gmt":"2025-12-11T23:33:09","guid":{"rendered":"https:\/\/grandtower.shop\/v2\/?product=ulker-cikolata-findik-dolu-dolu-80gr-2"},"modified":"2026-04-02T16:26:52","modified_gmt":"2026-04-02T13:26:52","slug":"ulker-cikolata-findik-dolu-dolu-80gr-2","status":"publish","type":"product","link":"https:\/\/grandtower.shop\/?product=ulker-cikolata-findik-dolu-dolu-80gr-2","title":{"rendered":"\u00dclker \u00c7ikolata F\u0131nd\u0131k Dolu Dolu 80Gr"},"content":{"rendered":"","protected":false},"excerpt":{"rendered":"","protected":false},"featured_media":2151,"comment_status":"open","ping_status":"closed","template":"","meta":[],"product_brand":[246],"product_cat":[149],"product_tag":[220],"class_list":{"0":"post-2152","1":"product","2":"type-product","3":"status-publish","4":"has-post-thumbnail","6":"product_brand-ulker","7":"product_cat-gida","8":"product_tag-cikolata","10":"first","11":"instock","12":"shipping-taxable","13":"purchasable","14":"product-type-simple"},"_links":{"self":[{"href":"https:\/\/grandtower.shop\/index.php?rest_route=\/wp\/v2\/product\/2152","targetHints":{"allow":["GET"]}}],"collection":[{"href":"https:\/\/grandtower.shop\/index.php?rest_route=\/wp\/v2\/product"}],"about":[{"href":"https:\/\/grandtower.shop\/index.php?rest_route=\/wp\/v2\/types\/product"}],"replies":[{"embeddable":true,"href":"https:\/\/grandtower.shop\/index.php?rest_route=%2Fwp%2Fv2%2Fcomments&post=2152"}],"wp:featuredmedia":[{"embeddable":true,"href":"https:\/\/grandtower.shop\/index.php?rest_route=\/wp\/v2\/media\/2151"}],"wp:attachment":[{"href":"https:\/\/grandtower.shop\/index.php?rest_route=%2Fwp%2Fv2%2Fmedia&parent=2152"}],"wp:term":[{"taxonomy":"product_brand","embeddable":true,"href":"https:\/\/grandtower.shop\/index.php?rest_route=%2Fwp%2Fv2%2Fproduct_brand&post=2152"},{"taxonomy":"product_cat","embeddable":true,"href":"https:\/\/grandtower.shop\/index.php?rest_route=%2Fwp%2Fv2%2Fproduct_cat&post=2152"},{"taxonomy":"product_tag","embeddable":true,"href":"https:\/\/grandtower.shop\/index.php?rest_route=%2Fwp%2Fv2%2Fproduct_tag&post=2152"}],"curies":[{"name":"wp","href":"https:\/\/api.w.org\/{rel}","templated":true}]}}