{"id":2288,"date":"2025-12-12T02:36:16","date_gmt":"2025-12-11T23:36:16","guid":{"rendered":"https:\/\/grandtower.shop\/v2\/?product=yudum-aycicek-yag-4x1l-kombo"},"modified":"2026-04-02T16:26:51","modified_gmt":"2026-04-02T13:26:51","slug":"yudum-aycicek-yag-4x1l-kombo","status":"publish","type":"product","link":"https:\/\/grandtower.shop\/?product=yudum-aycicek-yag-4x1l-kombo","title":{"rendered":"Yudum Ay\u00e7i\u00e7ek Ya\u011f 4X1L Kombo"},"content":{"rendered":"","protected":false},"excerpt":{"rendered":"","protected":false},"featured_media":2287,"comment_status":"open","ping_status":"closed","template":"","meta":[],"product_brand":[302],"product_cat":[149],"product_tag":[198],"class_list":{"0":"post-2288","1":"product","2":"type-product","3":"status-publish","4":"has-post-thumbnail","6":"product_brand-yudum","7":"product_cat-gida","8":"product_tag-sivi-yag","10":"first","11":"instock","12":"shipping-taxable","13":"purchasable","14":"product-type-simple"},"_links":{"self":[{"href":"https:\/\/grandtower.shop\/index.php?rest_route=\/wp\/v2\/product\/2288","targetHints":{"allow":["GET"]}}],"collection":[{"href":"https:\/\/grandtower.shop\/index.php?rest_route=\/wp\/v2\/product"}],"about":[{"href":"https:\/\/grandtower.shop\/index.php?rest_route=\/wp\/v2\/types\/product"}],"replies":[{"embeddable":true,"href":"https:\/\/grandtower.shop\/index.php?rest_route=%2Fwp%2Fv2%2Fcomments&post=2288"}],"wp:featuredmedia":[{"embeddable":true,"href":"https:\/\/grandtower.shop\/index.php?rest_route=\/wp\/v2\/media\/2287"}],"wp:attachment":[{"href":"https:\/\/grandtower.shop\/index.php?rest_route=%2Fwp%2Fv2%2Fmedia&parent=2288"}],"wp:term":[{"taxonomy":"product_brand","embeddable":true,"href":"https:\/\/grandtower.shop\/index.php?rest_route=%2Fwp%2Fv2%2Fproduct_brand&post=2288"},{"taxonomy":"product_cat","embeddable":true,"href":"https:\/\/grandtower.shop\/index.php?rest_route=%2Fwp%2Fv2%2Fproduct_cat&post=2288"},{"taxonomy":"product_tag","embeddable":true,"href":"https:\/\/grandtower.shop\/index.php?rest_route=%2Fwp%2Fv2%2Fproduct_tag&post=2288"}],"curies":[{"name":"wp","href":"https:\/\/api.w.org\/{rel}","templated":true}]}}