{"id":2338,"date":"2025-12-12T02:37:23","date_gmt":"2025-12-11T23:37:23","guid":{"rendered":"https:\/\/grandtower.shop\/v2\/?product=avoya-meyveli-frenk-uzumupapatya-maden-suyu-6200-ml"},"modified":"2026-04-02T16:26:51","modified_gmt":"2026-04-02T13:26:51","slug":"avoya-meyveli-frenk-uzumupapatya-maden-suyu-6200-ml","status":"publish","type":"product","link":"https:\/\/grandtower.shop\/urun\/avoya-meyveli-frenk-uzumupapatya-maden-suyu-6200-ml\/","title":{"rendered":"Avoya Meyveli Frenk \u00dcz\u00fcm\u00fc&#038;Papatya Maden Suyu 6*200 ml"},"content":{"rendered":"","protected":false},"excerpt":{"rendered":"","protected":false},"featured_media":2337,"comment_status":"open","ping_status":"closed","template":"","meta":[],"product_brand":[308],"product_cat":[306],"product_tag":[307],"class_list":{"0":"post-2338","1":"product","2":"type-product","3":"status-publish","4":"has-post-thumbnail","6":"product_brand-avoya","7":"product_cat-icecek","8":"product_tag-maden-suyu","10":"first","11":"instock","12":"shipping-taxable","13":"purchasable","14":"product-type-simple"},"_links":{"self":[{"href":"https:\/\/grandtower.shop\/wp-json\/wp\/v2\/product\/2338","targetHints":{"allow":["GET"]}}],"collection":[{"href":"https:\/\/grandtower.shop\/wp-json\/wp\/v2\/product"}],"about":[{"href":"https:\/\/grandtower.shop\/wp-json\/wp\/v2\/types\/product"}],"replies":[{"embeddable":true,"href":"https:\/\/grandtower.shop\/wp-json\/wp\/v2\/comments?post=2338"}],"wp:featuredmedia":[{"embeddable":true,"href":"https:\/\/grandtower.shop\/wp-json\/wp\/v2\/media\/2337"}],"wp:attachment":[{"href":"https:\/\/grandtower.shop\/wp-json\/wp\/v2\/media?parent=2338"}],"wp:term":[{"taxonomy":"product_brand","embeddable":true,"href":"https:\/\/grandtower.shop\/wp-json\/wp\/v2\/product_brand?post=2338"},{"taxonomy":"product_cat","embeddable":true,"href":"https:\/\/grandtower.shop\/wp-json\/wp\/v2\/product_cat?post=2338"},{"taxonomy":"product_tag","embeddable":true,"href":"https:\/\/grandtower.shop\/wp-json\/wp\/v2\/product_tag?post=2338"}],"curies":[{"name":"wp","href":"https:\/\/api.w.org\/{rel}","templated":true}]}}