{"id":2374,"date":"2025-12-12T02:38:22","date_gmt":"2025-12-11T23:38:22","guid":{"rendered":"https:\/\/grandtower.shop\/v2\/?product=doganay-salgam-suyu-cam-750ml-acisiz"},"modified":"2026-04-02T16:26:51","modified_gmt":"2026-04-02T13:26:51","slug":"doganay-salgam-suyu-cam-750ml-acisiz","status":"publish","type":"product","link":"https:\/\/grandtower.shop\/?product=doganay-salgam-suyu-cam-750ml-acisiz","title":{"rendered":"Do\u011fanay \u015ealgam Suyu Cam 750Ml Ac\u0131s\u0131z"},"content":{"rendered":"","protected":false},"excerpt":{"rendered":"","protected":false},"featured_media":2373,"comment_status":"open","ping_status":"closed","template":"","meta":[],"product_brand":[319],"product_cat":[306],"product_tag":[309],"class_list":{"0":"post-2374","1":"product","2":"type-product","3":"status-publish","4":"has-post-thumbnail","6":"product_brand-doganay","7":"product_cat-icecek","8":"product_tag-gazsiz-icecekler","10":"first","11":"instock","12":"shipping-taxable","13":"purchasable","14":"product-type-simple"},"_links":{"self":[{"href":"https:\/\/grandtower.shop\/index.php?rest_route=\/wp\/v2\/product\/2374","targetHints":{"allow":["GET"]}}],"collection":[{"href":"https:\/\/grandtower.shop\/index.php?rest_route=\/wp\/v2\/product"}],"about":[{"href":"https:\/\/grandtower.shop\/index.php?rest_route=\/wp\/v2\/types\/product"}],"replies":[{"embeddable":true,"href":"https:\/\/grandtower.shop\/index.php?rest_route=%2Fwp%2Fv2%2Fcomments&post=2374"}],"wp:featuredmedia":[{"embeddable":true,"href":"https:\/\/grandtower.shop\/index.php?rest_route=\/wp\/v2\/media\/2373"}],"wp:attachment":[{"href":"https:\/\/grandtower.shop\/index.php?rest_route=%2Fwp%2Fv2%2Fmedia&parent=2374"}],"wp:term":[{"taxonomy":"product_brand","embeddable":true,"href":"https:\/\/grandtower.shop\/index.php?rest_route=%2Fwp%2Fv2%2Fproduct_brand&post=2374"},{"taxonomy":"product_cat","embeddable":true,"href":"https:\/\/grandtower.shop\/index.php?rest_route=%2Fwp%2Fv2%2Fproduct_cat&post=2374"},{"taxonomy":"product_tag","embeddable":true,"href":"https:\/\/grandtower.shop\/index.php?rest_route=%2Fwp%2Fv2%2Fproduct_tag&post=2374"}],"curies":[{"name":"wp","href":"https:\/\/api.w.org\/{rel}","templated":true}]}}