{"id":3013,"date":"2025-12-12T03:18:13","date_gmt":"2025-12-12T00:18:13","guid":{"rendered":"https:\/\/grandtower.shop\/v2\/?product=cengelkoy-badem-salatali"},"modified":"2026-04-02T16:26:50","modified_gmt":"2026-04-02T13:26:50","slug":"cengelkoy-badem-salatali","status":"publish","type":"product","link":"https:\/\/grandtower.shop\/urun\/cengelkoy-badem-salatali\/","title":{"rendered":"\u00c7engelk\u00f6y Badem Salatal\u0131"},"content":{"rendered":"","protected":false},"excerpt":{"rendered":"","protected":false},"featured_media":3012,"comment_status":"open","ping_status":"closed","template":"","meta":[],"product_brand":[53],"product_cat":[412],"product_tag":[414],"class_list":{"0":"post-3013","1":"product","2":"type-product","3":"status-publish","4":"has-post-thumbnail","6":"product_brand-obak","7":"product_cat-meyve","8":"product_tag-sebze","10":"first","11":"instock","12":"shipping-taxable","13":"purchasable","14":"product-type-simple"},"_links":{"self":[{"href":"https:\/\/grandtower.shop\/wp-json\/wp\/v2\/product\/3013","targetHints":{"allow":["GET"]}}],"collection":[{"href":"https:\/\/grandtower.shop\/wp-json\/wp\/v2\/product"}],"about":[{"href":"https:\/\/grandtower.shop\/wp-json\/wp\/v2\/types\/product"}],"replies":[{"embeddable":true,"href":"https:\/\/grandtower.shop\/wp-json\/wp\/v2\/comments?post=3013"}],"wp:featuredmedia":[{"embeddable":true,"href":"https:\/\/grandtower.shop\/wp-json\/wp\/v2\/media\/3012"}],"wp:attachment":[{"href":"https:\/\/grandtower.shop\/wp-json\/wp\/v2\/media?parent=3013"}],"wp:term":[{"taxonomy":"product_brand","embeddable":true,"href":"https:\/\/grandtower.shop\/wp-json\/wp\/v2\/product_brand?post=3013"},{"taxonomy":"product_cat","embeddable":true,"href":"https:\/\/grandtower.shop\/wp-json\/wp\/v2\/product_cat?post=3013"},{"taxonomy":"product_tag","embeddable":true,"href":"https:\/\/grandtower.shop\/wp-json\/wp\/v2\/product_tag?post=3013"}],"curies":[{"name":"wp","href":"https:\/\/api.w.org\/{rel}","templated":true}]}}