{"id":3037,"date":"2025-12-12T03:19:12","date_gmt":"2025-12-12T00:19:12","guid":{"rendered":"https:\/\/grandtower.shop\/v2\/?product=k-y-cig-findik-ici-kg"},"modified":"2026-04-02T16:26:50","modified_gmt":"2026-04-02T13:26:50","slug":"k-y-cig-findik-ici-kg","status":"publish","type":"product","link":"https:\/\/grandtower.shop\/?product=k-y-cig-findik-ici-kg","title":{"rendered":"K.Y \u00c7i\u011f F\u0131nd\u0131k \u0130\u00e7i  KG"},"content":{"rendered":"","protected":false},"excerpt":{"rendered":"","protected":false},"featured_media":3036,"comment_status":"open","ping_status":"closed","template":"","meta":[],"product_brand":[53],"product_cat":[412],"product_tag":[420],"class_list":{"0":"post-3037","1":"product","2":"type-product","3":"status-publish","4":"has-post-thumbnail","6":"product_brand-obak","7":"product_cat-meyve","8":"product_tag-findik","10":"first","11":"instock","12":"shipping-taxable","13":"purchasable","14":"product-type-simple"},"_links":{"self":[{"href":"https:\/\/grandtower.shop\/index.php?rest_route=\/wp\/v2\/product\/3037","targetHints":{"allow":["GET"]}}],"collection":[{"href":"https:\/\/grandtower.shop\/index.php?rest_route=\/wp\/v2\/product"}],"about":[{"href":"https:\/\/grandtower.shop\/index.php?rest_route=\/wp\/v2\/types\/product"}],"replies":[{"embeddable":true,"href":"https:\/\/grandtower.shop\/index.php?rest_route=%2Fwp%2Fv2%2Fcomments&post=3037"}],"wp:featuredmedia":[{"embeddable":true,"href":"https:\/\/grandtower.shop\/index.php?rest_route=\/wp\/v2\/media\/3036"}],"wp:attachment":[{"href":"https:\/\/grandtower.shop\/index.php?rest_route=%2Fwp%2Fv2%2Fmedia&parent=3037"}],"wp:term":[{"taxonomy":"product_brand","embeddable":true,"href":"https:\/\/grandtower.shop\/index.php?rest_route=%2Fwp%2Fv2%2Fproduct_brand&post=3037"},{"taxonomy":"product_cat","embeddable":true,"href":"https:\/\/grandtower.shop\/index.php?rest_route=%2Fwp%2Fv2%2Fproduct_cat&post=3037"},{"taxonomy":"product_tag","embeddable":true,"href":"https:\/\/grandtower.shop\/index.php?rest_route=%2Fwp%2Fv2%2Fproduct_tag&post=3037"}],"curies":[{"name":"wp","href":"https:\/\/api.w.org\/{rel}","templated":true}]}}