{"id":3083,"date":"2025-12-12T03:19:44","date_gmt":"2025-12-12T00:19:44","guid":{"rendered":"https:\/\/grandtower.shop\/v2\/?product=kirkagac-kavun-kg"},"modified":"2026-04-02T16:26:50","modified_gmt":"2026-04-02T13:26:50","slug":"kirkagac-kavun-kg","status":"publish","type":"product","link":"https:\/\/grandtower.shop\/?product=kirkagac-kavun-kg","title":{"rendered":"K\u0131rka\u011fa\u00e7 Kavun   Kg"},"content":{"rendered":"","protected":false},"excerpt":{"rendered":"","protected":false},"featured_media":3082,"comment_status":"open","ping_status":"closed","template":"","meta":[],"product_brand":[53],"product_cat":[412],"product_tag":[415],"class_list":{"0":"post-3083","1":"product","2":"type-product","3":"status-publish","4":"has-post-thumbnail","6":"product_brand-obak","7":"product_cat-meyve","8":"product_tag-meyve","10":"first","11":"instock","12":"shipping-taxable","13":"purchasable","14":"product-type-simple"},"_links":{"self":[{"href":"https:\/\/grandtower.shop\/index.php?rest_route=\/wp\/v2\/product\/3083","targetHints":{"allow":["GET"]}}],"collection":[{"href":"https:\/\/grandtower.shop\/index.php?rest_route=\/wp\/v2\/product"}],"about":[{"href":"https:\/\/grandtower.shop\/index.php?rest_route=\/wp\/v2\/types\/product"}],"replies":[{"embeddable":true,"href":"https:\/\/grandtower.shop\/index.php?rest_route=%2Fwp%2Fv2%2Fcomments&post=3083"}],"wp:featuredmedia":[{"embeddable":true,"href":"https:\/\/grandtower.shop\/index.php?rest_route=\/wp\/v2\/media\/3082"}],"wp:attachment":[{"href":"https:\/\/grandtower.shop\/index.php?rest_route=%2Fwp%2Fv2%2Fmedia&parent=3083"}],"wp:term":[{"taxonomy":"product_brand","embeddable":true,"href":"https:\/\/grandtower.shop\/index.php?rest_route=%2Fwp%2Fv2%2Fproduct_brand&post=3083"},{"taxonomy":"product_cat","embeddable":true,"href":"https:\/\/grandtower.shop\/index.php?rest_route=%2Fwp%2Fv2%2Fproduct_cat&post=3083"},{"taxonomy":"product_tag","embeddable":true,"href":"https:\/\/grandtower.shop\/index.php?rest_route=%2Fwp%2Fv2%2Fproduct_tag&post=3083"}],"curies":[{"name":"wp","href":"https:\/\/api.w.org\/{rel}","templated":true}]}}