{"id":3147,"date":"2025-12-12T03:23:11","date_gmt":"2025-12-12T00:23:11","guid":{"rendered":"https:\/\/grandtower.shop\/v2\/?product=tadim-aycekirdegi-180gr-siyah-bol-tuzlu"},"modified":"2026-04-02T16:26:50","modified_gmt":"2026-04-02T13:26:50","slug":"tadim-aycekirdegi-180gr-siyah-bol-tuzlu","status":"publish","type":"product","link":"https:\/\/grandtower.shop\/?product=tadim-aycekirdegi-180gr-siyah-bol-tuzlu","title":{"rendered":"Tad\u0131m Ay\u00e7ekirde\u011fi 180Gr Siyah Bol Tuzlu"},"content":{"rendered":"","protected":false},"excerpt":{"rendered":"","protected":false},"featured_media":3146,"comment_status":"open","ping_status":"closed","template":"","meta":[],"product_brand":[60],"product_cat":[149,412],"product_tag":[428],"class_list":{"0":"post-3147","1":"product","2":"type-product","3":"status-publish","4":"has-post-thumbnail","6":"product_brand-tadim","7":"product_cat-gida","8":"product_cat-meyve","9":"product_tag-cekirdek","11":"first","12":"instock","13":"shipping-taxable","14":"purchasable","15":"product-type-simple"},"_links":{"self":[{"href":"https:\/\/grandtower.shop\/index.php?rest_route=\/wp\/v2\/product\/3147","targetHints":{"allow":["GET"]}}],"collection":[{"href":"https:\/\/grandtower.shop\/index.php?rest_route=\/wp\/v2\/product"}],"about":[{"href":"https:\/\/grandtower.shop\/index.php?rest_route=\/wp\/v2\/types\/product"}],"replies":[{"embeddable":true,"href":"https:\/\/grandtower.shop\/index.php?rest_route=%2Fwp%2Fv2%2Fcomments&post=3147"}],"wp:featuredmedia":[{"embeddable":true,"href":"https:\/\/grandtower.shop\/index.php?rest_route=\/wp\/v2\/media\/3146"}],"wp:attachment":[{"href":"https:\/\/grandtower.shop\/index.php?rest_route=%2Fwp%2Fv2%2Fmedia&parent=3147"}],"wp:term":[{"taxonomy":"product_brand","embeddable":true,"href":"https:\/\/grandtower.shop\/index.php?rest_route=%2Fwp%2Fv2%2Fproduct_brand&post=3147"},{"taxonomy":"product_cat","embeddable":true,"href":"https:\/\/grandtower.shop\/index.php?rest_route=%2Fwp%2Fv2%2Fproduct_cat&post=3147"},{"taxonomy":"product_tag","embeddable":true,"href":"https:\/\/grandtower.shop\/index.php?rest_route=%2Fwp%2Fv2%2Fproduct_tag&post=3147"}],"curies":[{"name":"wp","href":"https:\/\/api.w.org\/{rel}","templated":true}]}}