{"id":3161,"date":"2025-12-12T03:24:01","date_gmt":"2025-12-12T00:24:01","guid":{"rendered":"https:\/\/grandtower.shop\/v2\/?product=tadim-fistixx-60gr-taco-baharatli"},"modified":"2026-04-02T16:26:49","modified_gmt":"2026-04-02T13:26:49","slug":"tadim-fistixx-60gr-taco-baharatli","status":"publish","type":"product","link":"https:\/\/grandtower.shop\/urun\/tadim-fistixx-60gr-taco-baharatli\/","title":{"rendered":"Tad\u0131m F\u0131st\u0131xx 60Gr Taco Baharatl\u0131"},"content":{"rendered":"","protected":false},"excerpt":{"rendered":"","protected":false},"featured_media":3160,"comment_status":"open","ping_status":"closed","template":"","meta":[],"product_brand":[60],"product_cat":[149,412],"product_tag":[423],"class_list":{"0":"post-3161","1":"product","2":"type-product","3":"status-publish","4":"has-post-thumbnail","6":"product_brand-tadim","7":"product_cat-gida","8":"product_cat-meyve","9":"product_tag-fistik","11":"first","12":"instock","13":"shipping-taxable","14":"purchasable","15":"product-type-simple"},"_links":{"self":[{"href":"https:\/\/grandtower.shop\/wp-json\/wp\/v2\/product\/3161","targetHints":{"allow":["GET"]}}],"collection":[{"href":"https:\/\/grandtower.shop\/wp-json\/wp\/v2\/product"}],"about":[{"href":"https:\/\/grandtower.shop\/wp-json\/wp\/v2\/types\/product"}],"replies":[{"embeddable":true,"href":"https:\/\/grandtower.shop\/wp-json\/wp\/v2\/comments?post=3161"}],"wp:featuredmedia":[{"embeddable":true,"href":"https:\/\/grandtower.shop\/wp-json\/wp\/v2\/media\/3160"}],"wp:attachment":[{"href":"https:\/\/grandtower.shop\/wp-json\/wp\/v2\/media?parent=3161"}],"wp:term":[{"taxonomy":"product_brand","embeddable":true,"href":"https:\/\/grandtower.shop\/wp-json\/wp\/v2\/product_brand?post=3161"},{"taxonomy":"product_cat","embeddable":true,"href":"https:\/\/grandtower.shop\/wp-json\/wp\/v2\/product_cat?post=3161"},{"taxonomy":"product_tag","embeddable":true,"href":"https:\/\/grandtower.shop\/wp-json\/wp\/v2\/product_tag?post=3161"}],"curies":[{"name":"wp","href":"https:\/\/api.w.org\/{rel}","templated":true}]}}