{"id":3185,"date":"2025-12-12T03:24:53","date_gmt":"2025-12-12T00:24:53","guid":{"rendered":"https:\/\/grandtower.shop\/v2\/?product=tadim-tuzlu-kavrulmus-zarli-kaju-140gr"},"modified":"2026-04-02T16:26:49","modified_gmt":"2026-04-02T13:26:49","slug":"tadim-tuzlu-kavrulmus-zarli-kaju-140gr","status":"publish","type":"product","link":"https:\/\/grandtower.shop\/?product=tadim-tuzlu-kavrulmus-zarli-kaju-140gr","title":{"rendered":"Tad\u0131m Tuzlu Kavrulmu\u015f Zarl\u0131 Kaju 140Gr"},"content":{"rendered":"","protected":false},"excerpt":{"rendered":"","protected":false},"featured_media":3184,"comment_status":"open","ping_status":"closed","template":"","meta":[],"product_brand":[60],"product_cat":[149,412],"product_tag":[421],"class_list":{"0":"post-3185","1":"product","2":"type-product","3":"status-publish","4":"has-post-thumbnail","6":"product_brand-tadim","7":"product_cat-gida","8":"product_cat-meyve","9":"product_tag-kaju","11":"first","12":"instock","13":"shipping-taxable","14":"purchasable","15":"product-type-simple"},"_links":{"self":[{"href":"https:\/\/grandtower.shop\/index.php?rest_route=\/wp\/v2\/product\/3185","targetHints":{"allow":["GET"]}}],"collection":[{"href":"https:\/\/grandtower.shop\/index.php?rest_route=\/wp\/v2\/product"}],"about":[{"href":"https:\/\/grandtower.shop\/index.php?rest_route=\/wp\/v2\/types\/product"}],"replies":[{"embeddable":true,"href":"https:\/\/grandtower.shop\/index.php?rest_route=%2Fwp%2Fv2%2Fcomments&post=3185"}],"wp:featuredmedia":[{"embeddable":true,"href":"https:\/\/grandtower.shop\/index.php?rest_route=\/wp\/v2\/media\/3184"}],"wp:attachment":[{"href":"https:\/\/grandtower.shop\/index.php?rest_route=%2Fwp%2Fv2%2Fmedia&parent=3185"}],"wp:term":[{"taxonomy":"product_brand","embeddable":true,"href":"https:\/\/grandtower.shop\/index.php?rest_route=%2Fwp%2Fv2%2Fproduct_brand&post=3185"},{"taxonomy":"product_cat","embeddable":true,"href":"https:\/\/grandtower.shop\/index.php?rest_route=%2Fwp%2Fv2%2Fproduct_cat&post=3185"},{"taxonomy":"product_tag","embeddable":true,"href":"https:\/\/grandtower.shop\/index.php?rest_route=%2Fwp%2Fv2%2Fproduct_tag&post=3185"}],"curies":[{"name":"wp","href":"https:\/\/api.w.org\/{rel}","templated":true}]}}