{"id":3263,"date":"2025-12-12T03:25:48","date_gmt":"2025-12-12T00:25:48","guid":{"rendered":"https:\/\/grandtower.shop\/v2\/?product=capanoglu-dana-pastirma-cemensiz-80gr"},"modified":"2026-04-02T16:26:49","modified_gmt":"2026-04-02T13:26:49","slug":"capanoglu-dana-pastirma-cemensiz-80gr","status":"publish","type":"product","link":"https:\/\/grandtower.shop\/?product=capanoglu-dana-pastirma-cemensiz-80gr","title":{"rendered":"\u00c7apano\u011flu Dana Past\u0131rma (\u00c7emensiz) 80gr"},"content":{"rendered":"","protected":false},"excerpt":{"rendered":"","protected":false},"featured_media":3262,"comment_status":"open","ping_status":"closed","template":"","meta":[],"product_brand":[53],"product_cat":[432],"product_tag":[440],"class_list":{"0":"post-3263","1":"product","2":"type-product","3":"status-publish","4":"has-post-thumbnail","6":"product_brand-obak","7":"product_cat-sarkuteri","8":"product_tag-et-urunleri","10":"first","11":"instock","12":"shipping-taxable","13":"purchasable","14":"product-type-simple"},"_links":{"self":[{"href":"https:\/\/grandtower.shop\/index.php?rest_route=\/wp\/v2\/product\/3263","targetHints":{"allow":["GET"]}}],"collection":[{"href":"https:\/\/grandtower.shop\/index.php?rest_route=\/wp\/v2\/product"}],"about":[{"href":"https:\/\/grandtower.shop\/index.php?rest_route=\/wp\/v2\/types\/product"}],"replies":[{"embeddable":true,"href":"https:\/\/grandtower.shop\/index.php?rest_route=%2Fwp%2Fv2%2Fcomments&post=3263"}],"wp:featuredmedia":[{"embeddable":true,"href":"https:\/\/grandtower.shop\/index.php?rest_route=\/wp\/v2\/media\/3262"}],"wp:attachment":[{"href":"https:\/\/grandtower.shop\/index.php?rest_route=%2Fwp%2Fv2%2Fmedia&parent=3263"}],"wp:term":[{"taxonomy":"product_brand","embeddable":true,"href":"https:\/\/grandtower.shop\/index.php?rest_route=%2Fwp%2Fv2%2Fproduct_brand&post=3263"},{"taxonomy":"product_cat","embeddable":true,"href":"https:\/\/grandtower.shop\/index.php?rest_route=%2Fwp%2Fv2%2Fproduct_cat&post=3263"},{"taxonomy":"product_tag","embeddable":true,"href":"https:\/\/grandtower.shop\/index.php?rest_route=%2Fwp%2Fv2%2Fproduct_tag&post=3263"}],"curies":[{"name":"wp","href":"https:\/\/api.w.org\/{rel}","templated":true}]}}