{"id":3462,"date":"2025-12-12T03:29:20","date_gmt":"2025-12-12T00:29:20","guid":{"rendered":"https:\/\/grandtower.shop\/v2\/?product=namet-sofram-sucuk-200gr-dilimli-pilic-isil-islem-gormus"},"modified":"2026-04-02T16:26:48","modified_gmt":"2026-04-02T13:26:48","slug":"namet-sofram-sucuk-200gr-dilimli-pilic-isil-islem-gormus","status":"publish","type":"product","link":"https:\/\/grandtower.shop\/?product=namet-sofram-sucuk-200gr-dilimli-pilic-isil-islem-gormus","title":{"rendered":"Namet Sofram Sucuk 200Gr Dilimli Pili\u00e7 I\u015f\u0131l \u0130\u015flem G\u00f6rm\u00fc\u015f"},"content":{"rendered":"","protected":false},"excerpt":{"rendered":"","protected":false},"featured_media":3461,"comment_status":"open","ping_status":"closed","template":"","meta":[],"product_brand":[456],"product_cat":[432],"product_tag":[440],"class_list":{"0":"post-3462","1":"product","2":"type-product","3":"status-publish","4":"has-post-thumbnail","6":"product_brand-namet","7":"product_cat-sarkuteri","8":"product_tag-et-urunleri","10":"first","11":"instock","12":"shipping-taxable","13":"purchasable","14":"product-type-simple"},"_links":{"self":[{"href":"https:\/\/grandtower.shop\/index.php?rest_route=\/wp\/v2\/product\/3462","targetHints":{"allow":["GET"]}}],"collection":[{"href":"https:\/\/grandtower.shop\/index.php?rest_route=\/wp\/v2\/product"}],"about":[{"href":"https:\/\/grandtower.shop\/index.php?rest_route=\/wp\/v2\/types\/product"}],"replies":[{"embeddable":true,"href":"https:\/\/grandtower.shop\/index.php?rest_route=%2Fwp%2Fv2%2Fcomments&post=3462"}],"wp:featuredmedia":[{"embeddable":true,"href":"https:\/\/grandtower.shop\/index.php?rest_route=\/wp\/v2\/media\/3461"}],"wp:attachment":[{"href":"https:\/\/grandtower.shop\/index.php?rest_route=%2Fwp%2Fv2%2Fmedia&parent=3462"}],"wp:term":[{"taxonomy":"product_brand","embeddable":true,"href":"https:\/\/grandtower.shop\/index.php?rest_route=%2Fwp%2Fv2%2Fproduct_brand&post=3462"},{"taxonomy":"product_cat","embeddable":true,"href":"https:\/\/grandtower.shop\/index.php?rest_route=%2Fwp%2Fv2%2Fproduct_cat&post=3462"},{"taxonomy":"product_tag","embeddable":true,"href":"https:\/\/grandtower.shop\/index.php?rest_route=%2Fwp%2Fv2%2Fproduct_tag&post=3462"}],"curies":[{"name":"wp","href":"https:\/\/api.w.org\/{rel}","templated":true}]}}