{"id":3494,"date":"2025-12-12T03:29:38","date_gmt":"2025-12-12T00:29:38","guid":{"rendered":"https:\/\/grandtower.shop\/v2\/?product=pinar-yogurt-lezzetin-alasi-1000g"},"modified":"2026-04-02T16:26:48","modified_gmt":"2026-04-02T13:26:48","slug":"pinar-yogurt-lezzetin-alasi-1000g","status":"publish","type":"product","link":"https:\/\/grandtower.shop\/?product=pinar-yogurt-lezzetin-alasi-1000g","title":{"rendered":"P\u0131nar Yo\u011furt Lezzetin Alas\u0131 1000G"},"content":{"rendered":"","protected":false},"excerpt":{"rendered":"","protected":false},"featured_media":3493,"comment_status":"open","ping_status":"closed","template":"","meta":[],"product_brand":[79],"product_cat":[432],"product_tag":[436],"class_list":{"0":"post-3494","1":"product","2":"type-product","3":"status-publish","4":"has-post-thumbnail","6":"product_brand-pinar","7":"product_cat-sarkuteri","8":"product_tag-yogurt","10":"first","11":"instock","12":"shipping-taxable","13":"purchasable","14":"product-type-simple"},"_links":{"self":[{"href":"https:\/\/grandtower.shop\/index.php?rest_route=\/wp\/v2\/product\/3494","targetHints":{"allow":["GET"]}}],"collection":[{"href":"https:\/\/grandtower.shop\/index.php?rest_route=\/wp\/v2\/product"}],"about":[{"href":"https:\/\/grandtower.shop\/index.php?rest_route=\/wp\/v2\/types\/product"}],"replies":[{"embeddable":true,"href":"https:\/\/grandtower.shop\/index.php?rest_route=%2Fwp%2Fv2%2Fcomments&post=3494"}],"wp:featuredmedia":[{"embeddable":true,"href":"https:\/\/grandtower.shop\/index.php?rest_route=\/wp\/v2\/media\/3493"}],"wp:attachment":[{"href":"https:\/\/grandtower.shop\/index.php?rest_route=%2Fwp%2Fv2%2Fmedia&parent=3494"}],"wp:term":[{"taxonomy":"product_brand","embeddable":true,"href":"https:\/\/grandtower.shop\/index.php?rest_route=%2Fwp%2Fv2%2Fproduct_brand&post=3494"},{"taxonomy":"product_cat","embeddable":true,"href":"https:\/\/grandtower.shop\/index.php?rest_route=%2Fwp%2Fv2%2Fproduct_cat&post=3494"},{"taxonomy":"product_tag","embeddable":true,"href":"https:\/\/grandtower.shop\/index.php?rest_route=%2Fwp%2Fv2%2Fproduct_tag&post=3494"}],"curies":[{"name":"wp","href":"https:\/\/api.w.org\/{rel}","templated":true}]}}