{"id":3636,"date":"2025-12-12T03:32:27","date_gmt":"2025-12-12T00:32:27","guid":{"rendered":"https:\/\/grandtower.shop\/v2\/?product=cevre-buzgulu-cop-torbasi-buyuk-boy-vanilya"},"modified":"2026-04-02T16:26:48","modified_gmt":"2026-04-02T13:26:48","slug":"cevre-buzgulu-cop-torbasi-buyuk-boy-vanilya","status":"publish","type":"product","link":"https:\/\/grandtower.shop\/?product=cevre-buzgulu-cop-torbasi-buyuk-boy-vanilya","title":{"rendered":"\u00c7evre B\u00fczg\u00fcl\u00fc \u00c7\u00f6p Torbas\u0131 B\u00fcy\u00fck Boy Vanilya"},"content":{"rendered":"","protected":false},"excerpt":{"rendered":"","protected":false},"featured_media":3635,"comment_status":"open","ping_status":"closed","template":"","meta":[],"product_brand":[147],"product_cat":[467,466],"product_tag":[477],"class_list":{"0":"post-3636","1":"product","2":"type-product","3":"status-publish","4":"has-post-thumbnail","6":"product_brand-cevre","7":"product_cat-deterjan","8":"product_cat-temizlik","9":"product_tag-cop-poseti","11":"first","12":"instock","13":"shipping-taxable","14":"purchasable","15":"product-type-simple"},"_links":{"self":[{"href":"https:\/\/grandtower.shop\/index.php?rest_route=\/wp\/v2\/product\/3636","targetHints":{"allow":["GET"]}}],"collection":[{"href":"https:\/\/grandtower.shop\/index.php?rest_route=\/wp\/v2\/product"}],"about":[{"href":"https:\/\/grandtower.shop\/index.php?rest_route=\/wp\/v2\/types\/product"}],"replies":[{"embeddable":true,"href":"https:\/\/grandtower.shop\/index.php?rest_route=%2Fwp%2Fv2%2Fcomments&post=3636"}],"wp:featuredmedia":[{"embeddable":true,"href":"https:\/\/grandtower.shop\/index.php?rest_route=\/wp\/v2\/media\/3635"}],"wp:attachment":[{"href":"https:\/\/grandtower.shop\/index.php?rest_route=%2Fwp%2Fv2%2Fmedia&parent=3636"}],"wp:term":[{"taxonomy":"product_brand","embeddable":true,"href":"https:\/\/grandtower.shop\/index.php?rest_route=%2Fwp%2Fv2%2Fproduct_brand&post=3636"},{"taxonomy":"product_cat","embeddable":true,"href":"https:\/\/grandtower.shop\/index.php?rest_route=%2Fwp%2Fv2%2Fproduct_cat&post=3636"},{"taxonomy":"product_tag","embeddable":true,"href":"https:\/\/grandtower.shop\/index.php?rest_route=%2Fwp%2Fv2%2Fproduct_tag&post=3636"}],"curies":[{"name":"wp","href":"https:\/\/api.w.org\/{rel}","templated":true}]}}