{"id":3692,"date":"2025-12-12T03:33:36","date_gmt":"2025-12-12T00:33:36","guid":{"rendered":"https:\/\/grandtower.shop\/v2\/?product=koroplast-eks-guclu-buzg-cop-pos-orta-15li-lavanta"},"modified":"2026-04-02T16:26:47","modified_gmt":"2026-04-02T13:26:47","slug":"koroplast-eks-guclu-buzg-cop-pos-orta-15li-lavanta","status":"publish","type":"product","link":"https:\/\/grandtower.shop\/urun\/koroplast-eks-guclu-buzg-cop-pos-orta-15li-lavanta\/","title":{"rendered":"Koroplast Eks.G\u00fc\u00e7l\u00fc B\u00fczg.\u00c7\u00f6p Po\u015f.(Orta) 15&#8217;Li Lavanta"},"content":{"rendered":"","protected":false},"excerpt":{"rendered":"","protected":false},"featured_media":3691,"comment_status":"open","ping_status":"closed","template":"","meta":[],"product_brand":[110],"product_cat":[467,466],"product_tag":[477],"class_list":{"0":"post-3692","1":"product","2":"type-product","3":"status-publish","4":"has-post-thumbnail","6":"product_brand-koroplast","7":"product_cat-deterjan","8":"product_cat-temizlik","9":"product_tag-cop-poseti","11":"first","12":"instock","13":"shipping-taxable","14":"purchasable","15":"product-type-simple"},"_links":{"self":[{"href":"https:\/\/grandtower.shop\/wp-json\/wp\/v2\/product\/3692","targetHints":{"allow":["GET"]}}],"collection":[{"href":"https:\/\/grandtower.shop\/wp-json\/wp\/v2\/product"}],"about":[{"href":"https:\/\/grandtower.shop\/wp-json\/wp\/v2\/types\/product"}],"replies":[{"embeddable":true,"href":"https:\/\/grandtower.shop\/wp-json\/wp\/v2\/comments?post=3692"}],"wp:featuredmedia":[{"embeddable":true,"href":"https:\/\/grandtower.shop\/wp-json\/wp\/v2\/media\/3691"}],"wp:attachment":[{"href":"https:\/\/grandtower.shop\/wp-json\/wp\/v2\/media?parent=3692"}],"wp:term":[{"taxonomy":"product_brand","embeddable":true,"href":"https:\/\/grandtower.shop\/wp-json\/wp\/v2\/product_brand?post=3692"},{"taxonomy":"product_cat","embeddable":true,"href":"https:\/\/grandtower.shop\/wp-json\/wp\/v2\/product_cat?post=3692"},{"taxonomy":"product_tag","embeddable":true,"href":"https:\/\/grandtower.shop\/wp-json\/wp\/v2\/product_tag?post=3692"}],"curies":[{"name":"wp","href":"https:\/\/api.w.org\/{rel}","templated":true}]}}