{"id":3694,"date":"2025-12-12T03:33:39","date_gmt":"2025-12-12T00:33:39","guid":{"rendered":"https:\/\/grandtower.shop\/v2\/?product=koroplast-koku-hap-buzg-cop-pos-orta-15li-vanilya"},"modified":"2026-04-02T16:26:47","modified_gmt":"2026-04-02T13:26:47","slug":"koroplast-koku-hap-buzg-cop-pos-orta-15li-vanilya","status":"publish","type":"product","link":"https:\/\/grandtower.shop\/?product=koroplast-koku-hap-buzg-cop-pos-orta-15li-vanilya","title":{"rendered":"Koroplast Koku Hap. B\u00fczg.\u00c7\u00f6p Po\u015f.(Orta) 15&#8217;Li Vanilya"},"content":{"rendered":"","protected":false},"excerpt":{"rendered":"","protected":false},"featured_media":3693,"comment_status":"open","ping_status":"closed","template":"","meta":[],"product_brand":[110],"product_cat":[467,466],"product_tag":[477],"class_list":{"0":"post-3694","1":"product","2":"type-product","3":"status-publish","4":"has-post-thumbnail","6":"product_brand-koroplast","7":"product_cat-deterjan","8":"product_cat-temizlik","9":"product_tag-cop-poseti","11":"first","12":"instock","13":"shipping-taxable","14":"purchasable","15":"product-type-simple"},"_links":{"self":[{"href":"https:\/\/grandtower.shop\/index.php?rest_route=\/wp\/v2\/product\/3694","targetHints":{"allow":["GET"]}}],"collection":[{"href":"https:\/\/grandtower.shop\/index.php?rest_route=\/wp\/v2\/product"}],"about":[{"href":"https:\/\/grandtower.shop\/index.php?rest_route=\/wp\/v2\/types\/product"}],"replies":[{"embeddable":true,"href":"https:\/\/grandtower.shop\/index.php?rest_route=%2Fwp%2Fv2%2Fcomments&post=3694"}],"wp:featuredmedia":[{"embeddable":true,"href":"https:\/\/grandtower.shop\/index.php?rest_route=\/wp\/v2\/media\/3693"}],"wp:attachment":[{"href":"https:\/\/grandtower.shop\/index.php?rest_route=%2Fwp%2Fv2%2Fmedia&parent=3694"}],"wp:term":[{"taxonomy":"product_brand","embeddable":true,"href":"https:\/\/grandtower.shop\/index.php?rest_route=%2Fwp%2Fv2%2Fproduct_brand&post=3694"},{"taxonomy":"product_cat","embeddable":true,"href":"https:\/\/grandtower.shop\/index.php?rest_route=%2Fwp%2Fv2%2Fproduct_cat&post=3694"},{"taxonomy":"product_tag","embeddable":true,"href":"https:\/\/grandtower.shop\/index.php?rest_route=%2Fwp%2Fv2%2Fproduct_tag&post=3694"}],"curies":[{"name":"wp","href":"https:\/\/api.w.org\/{rel}","templated":true}]}}