{"id":3696,"date":"2025-12-12T03:33:40","date_gmt":"2025-12-12T00:33:40","guid":{"rendered":"https:\/\/grandtower.shop\/v2\/?product=macromax-hazir-kesilmis-pisirme-kagidi-16-adet"},"modified":"2026-04-02T16:26:47","modified_gmt":"2026-04-02T13:26:47","slug":"macromax-hazir-kesilmis-pisirme-kagidi-16-adet","status":"publish","type":"product","link":"https:\/\/grandtower.shop\/?product=macromax-hazir-kesilmis-pisirme-kagidi-16-adet","title":{"rendered":"Macromax Haz\u0131r Kesilmi\u015f Pi\u015firme Ka\u011f\u0131d\u0131 16 Adet"},"content":{"rendered":"","protected":false},"excerpt":{"rendered":"","protected":false},"featured_media":3695,"comment_status":"open","ping_status":"closed","template":"","meta":[],"product_brand":[485],"product_cat":[467,466],"product_tag":[484],"class_list":{"0":"post-3696","1":"product","2":"type-product","3":"status-publish","4":"has-post-thumbnail","6":"product_brand-macromax","7":"product_cat-deterjan","8":"product_cat-temizlik","9":"product_tag-temizlik-malzemeleri","11":"first","12":"instock","13":"shipping-taxable","14":"purchasable","15":"product-type-simple"},"_links":{"self":[{"href":"https:\/\/grandtower.shop\/index.php?rest_route=\/wp\/v2\/product\/3696","targetHints":{"allow":["GET"]}}],"collection":[{"href":"https:\/\/grandtower.shop\/index.php?rest_route=\/wp\/v2\/product"}],"about":[{"href":"https:\/\/grandtower.shop\/index.php?rest_route=\/wp\/v2\/types\/product"}],"replies":[{"embeddable":true,"href":"https:\/\/grandtower.shop\/index.php?rest_route=%2Fwp%2Fv2%2Fcomments&post=3696"}],"wp:featuredmedia":[{"embeddable":true,"href":"https:\/\/grandtower.shop\/index.php?rest_route=\/wp\/v2\/media\/3695"}],"wp:attachment":[{"href":"https:\/\/grandtower.shop\/index.php?rest_route=%2Fwp%2Fv2%2Fmedia&parent=3696"}],"wp:term":[{"taxonomy":"product_brand","embeddable":true,"href":"https:\/\/grandtower.shop\/index.php?rest_route=%2Fwp%2Fv2%2Fproduct_brand&post=3696"},{"taxonomy":"product_cat","embeddable":true,"href":"https:\/\/grandtower.shop\/index.php?rest_route=%2Fwp%2Fv2%2Fproduct_cat&post=3696"},{"taxonomy":"product_tag","embeddable":true,"href":"https:\/\/grandtower.shop\/index.php?rest_route=%2Fwp%2Fv2%2Fproduct_tag&post=3696"}],"curies":[{"name":"wp","href":"https:\/\/api.w.org\/{rel}","templated":true}]}}