{"id":3708,"date":"2025-12-12T03:34:27","date_gmt":"2025-12-12T00:34:27","guid":{"rendered":"https:\/\/grandtower.shop\/v2\/?product=parex-buzgulu-cop-torbasi-eko-buyuk-boy-10-adet-yasemin"},"modified":"2026-04-02T16:26:47","modified_gmt":"2026-04-02T13:26:47","slug":"parex-buzgulu-cop-torbasi-eko-buyuk-boy-10-adet-yasemin","status":"publish","type":"product","link":"https:\/\/grandtower.shop\/urun\/parex-buzgulu-cop-torbasi-eko-buyuk-boy-10-adet-yasemin\/","title":{"rendered":"Parex B\u00fczg\u00fcl\u00fc \u00c7\u00f6p Torbas\u0131 Eko.B\u00fcy\u00fck Boy 10 Adet Yasemin"},"content":{"rendered":"","protected":false},"excerpt":{"rendered":"","protected":false},"featured_media":3707,"comment_status":"open","ping_status":"closed","template":"","meta":[],"product_brand":[488],"product_cat":[467,466],"product_tag":[477],"class_list":{"0":"post-3708","1":"product","2":"type-product","3":"status-publish","4":"has-post-thumbnail","6":"product_brand-parex","7":"product_cat-deterjan","8":"product_cat-temizlik","9":"product_tag-cop-poseti","11":"first","12":"instock","13":"shipping-taxable","14":"purchasable","15":"product-type-simple"},"_links":{"self":[{"href":"https:\/\/grandtower.shop\/wp-json\/wp\/v2\/product\/3708","targetHints":{"allow":["GET"]}}],"collection":[{"href":"https:\/\/grandtower.shop\/wp-json\/wp\/v2\/product"}],"about":[{"href":"https:\/\/grandtower.shop\/wp-json\/wp\/v2\/types\/product"}],"replies":[{"embeddable":true,"href":"https:\/\/grandtower.shop\/wp-json\/wp\/v2\/comments?post=3708"}],"wp:featuredmedia":[{"embeddable":true,"href":"https:\/\/grandtower.shop\/wp-json\/wp\/v2\/media\/3707"}],"wp:attachment":[{"href":"https:\/\/grandtower.shop\/wp-json\/wp\/v2\/media?parent=3708"}],"wp:term":[{"taxonomy":"product_brand","embeddable":true,"href":"https:\/\/grandtower.shop\/wp-json\/wp\/v2\/product_brand?post=3708"},{"taxonomy":"product_cat","embeddable":true,"href":"https:\/\/grandtower.shop\/wp-json\/wp\/v2\/product_cat?post=3708"},{"taxonomy":"product_tag","embeddable":true,"href":"https:\/\/grandtower.shop\/wp-json\/wp\/v2\/product_tag?post=3708"}],"curies":[{"name":"wp","href":"https:\/\/api.w.org\/{rel}","templated":true}]}}