{"id":3714,"date":"2025-12-12T03:34:30","date_gmt":"2025-12-12T00:34:30","guid":{"rendered":"https:\/\/grandtower.shop\/v2\/?product=parex-cop-torbasi-guclu-buyuk-boy-10lu"},"modified":"2026-04-02T16:26:47","modified_gmt":"2026-04-02T13:26:47","slug":"parex-cop-torbasi-guclu-buyuk-boy-10lu","status":"publish","type":"product","link":"https:\/\/grandtower.shop\/?product=parex-cop-torbasi-guclu-buyuk-boy-10lu","title":{"rendered":"Parex \u00c7\u00f6p Torbas\u0131 G\u00fc\u00e7l\u00fc B\u00fcy\u00fck Boy 10&#8217;Lu"},"content":{"rendered":"","protected":false},"excerpt":{"rendered":"","protected":false},"featured_media":3713,"comment_status":"open","ping_status":"closed","template":"","meta":[],"product_brand":[488],"product_cat":[467,466],"product_tag":[477],"class_list":{"0":"post-3714","1":"product","2":"type-product","3":"status-publish","4":"has-post-thumbnail","6":"product_brand-parex","7":"product_cat-deterjan","8":"product_cat-temizlik","9":"product_tag-cop-poseti","11":"first","12":"instock","13":"shipping-taxable","14":"purchasable","15":"product-type-simple"},"_links":{"self":[{"href":"https:\/\/grandtower.shop\/index.php?rest_route=\/wp\/v2\/product\/3714","targetHints":{"allow":["GET"]}}],"collection":[{"href":"https:\/\/grandtower.shop\/index.php?rest_route=\/wp\/v2\/product"}],"about":[{"href":"https:\/\/grandtower.shop\/index.php?rest_route=\/wp\/v2\/types\/product"}],"replies":[{"embeddable":true,"href":"https:\/\/grandtower.shop\/index.php?rest_route=%2Fwp%2Fv2%2Fcomments&post=3714"}],"wp:featuredmedia":[{"embeddable":true,"href":"https:\/\/grandtower.shop\/index.php?rest_route=\/wp\/v2\/media\/3713"}],"wp:attachment":[{"href":"https:\/\/grandtower.shop\/index.php?rest_route=%2Fwp%2Fv2%2Fmedia&parent=3714"}],"wp:term":[{"taxonomy":"product_brand","embeddable":true,"href":"https:\/\/grandtower.shop\/index.php?rest_route=%2Fwp%2Fv2%2Fproduct_brand&post=3714"},{"taxonomy":"product_cat","embeddable":true,"href":"https:\/\/grandtower.shop\/index.php?rest_route=%2Fwp%2Fv2%2Fproduct_cat&post=3714"},{"taxonomy":"product_tag","embeddable":true,"href":"https:\/\/grandtower.shop\/index.php?rest_route=%2Fwp%2Fv2%2Fproduct_tag&post=3714"}],"curies":[{"name":"wp","href":"https:\/\/api.w.org\/{rel}","templated":true}]}}