{"id":3739,"date":"2025-12-12T03:35:26","date_gmt":"2025-12-12T00:35:26","guid":{"rendered":"https:\/\/grandtower.shop\/v2\/?product=perwoll-2-75lt-yenileme-ve-cicek-cazibesi-acik-renkler"},"modified":"2026-04-02T16:26:47","modified_gmt":"2026-04-02T13:26:47","slug":"perwoll-2-75lt-yenileme-ve-cicek-cazibesi-acik-renkler","status":"publish","type":"product","link":"https:\/\/grandtower.shop\/?product=perwoll-2-75lt-yenileme-ve-cicek-cazibesi-acik-renkler","title":{"rendered":"Perwoll 2.75Lt Yenileme Ve \u00c7i\u00e7ek Cazibesi A\u00e7\u0131k Renkler"},"content":{"rendered":"","protected":false},"excerpt":{"rendered":"","protected":false},"featured_media":3738,"comment_status":"open","ping_status":"closed","template":"","meta":[],"product_brand":[490],"product_cat":[467,466],"product_tag":[470],"class_list":{"0":"post-3739","1":"product","2":"type-product","3":"status-publish","4":"has-post-thumbnail","6":"product_brand-perwoll","7":"product_cat-deterjan","8":"product_cat-temizlik","9":"product_tag-camasir-yikama","11":"first","12":"instock","13":"shipping-taxable","14":"purchasable","15":"product-type-simple"},"_links":{"self":[{"href":"https:\/\/grandtower.shop\/index.php?rest_route=\/wp\/v2\/product\/3739","targetHints":{"allow":["GET"]}}],"collection":[{"href":"https:\/\/grandtower.shop\/index.php?rest_route=\/wp\/v2\/product"}],"about":[{"href":"https:\/\/grandtower.shop\/index.php?rest_route=\/wp\/v2\/types\/product"}],"replies":[{"embeddable":true,"href":"https:\/\/grandtower.shop\/index.php?rest_route=%2Fwp%2Fv2%2Fcomments&post=3739"}],"wp:featuredmedia":[{"embeddable":true,"href":"https:\/\/grandtower.shop\/index.php?rest_route=\/wp\/v2\/media\/3738"}],"wp:attachment":[{"href":"https:\/\/grandtower.shop\/index.php?rest_route=%2Fwp%2Fv2%2Fmedia&parent=3739"}],"wp:term":[{"taxonomy":"product_brand","embeddable":true,"href":"https:\/\/grandtower.shop\/index.php?rest_route=%2Fwp%2Fv2%2Fproduct_brand&post=3739"},{"taxonomy":"product_cat","embeddable":true,"href":"https:\/\/grandtower.shop\/index.php?rest_route=%2Fwp%2Fv2%2Fproduct_cat&post=3739"},{"taxonomy":"product_tag","embeddable":true,"href":"https:\/\/grandtower.shop\/index.php?rest_route=%2Fwp%2Fv2%2Fproduct_tag&post=3739"}],"curies":[{"name":"wp","href":"https:\/\/api.w.org\/{rel}","templated":true}]}}