{"id":433,"date":"2025-12-12T01:00:19","date_gmt":"2025-12-11T22:00:19","guid":{"rendered":"https:\/\/grandtower.shop\/v2\/?product=dalin-konsantre-yumusatici-1200ml-dus-bacesi"},"modified":"2026-04-02T16:26:58","modified_gmt":"2026-04-02T13:26:58","slug":"dalin-konsantre-yumusatici-1200ml-dus-bacesi","status":"publish","type":"product","link":"https:\/\/grandtower.shop\/?product=dalin-konsantre-yumusatici-1200ml-dus-bacesi","title":{"rendered":"Dalin Konsantre Yumu\u015fat\u0131c\u0131 1200Ml D\u00fc\u015f Ba\u00e7esi"},"content":{"rendered":"","protected":false},"excerpt":{"rendered":"","protected":false},"featured_media":432,"comment_status":"open","ping_status":"closed","template":"","meta":[],"product_brand":[37],"product_cat":[30],"product_tag":[39],"class_list":{"0":"post-433","1":"product","2":"type-product","3":"status-publish","4":"has-post-thumbnail","6":"product_brand-dalin","7":"product_cat-bebek","8":"product_tag-bebek-deterjan","10":"first","11":"instock","12":"sale","13":"shipping-taxable","14":"purchasable","15":"product-type-simple"},"_links":{"self":[{"href":"https:\/\/grandtower.shop\/index.php?rest_route=\/wp\/v2\/product\/433","targetHints":{"allow":["GET"]}}],"collection":[{"href":"https:\/\/grandtower.shop\/index.php?rest_route=\/wp\/v2\/product"}],"about":[{"href":"https:\/\/grandtower.shop\/index.php?rest_route=\/wp\/v2\/types\/product"}],"replies":[{"embeddable":true,"href":"https:\/\/grandtower.shop\/index.php?rest_route=%2Fwp%2Fv2%2Fcomments&post=433"}],"wp:featuredmedia":[{"embeddable":true,"href":"https:\/\/grandtower.shop\/index.php?rest_route=\/wp\/v2\/media\/432"}],"wp:attachment":[{"href":"https:\/\/grandtower.shop\/index.php?rest_route=%2Fwp%2Fv2%2Fmedia&parent=433"}],"wp:term":[{"taxonomy":"product_brand","embeddable":true,"href":"https:\/\/grandtower.shop\/index.php?rest_route=%2Fwp%2Fv2%2Fproduct_brand&post=433"},{"taxonomy":"product_cat","embeddable":true,"href":"https:\/\/grandtower.shop\/index.php?rest_route=%2Fwp%2Fv2%2Fproduct_cat&post=433"},{"taxonomy":"product_tag","embeddable":true,"href":"https:\/\/grandtower.shop\/index.php?rest_route=%2Fwp%2Fv2%2Fproduct_tag&post=433"}],"curies":[{"name":"wp","href":"https:\/\/api.w.org\/{rel}","templated":true}]}}