{"id":450,"date":"2025-12-12T01:06:25","date_gmt":"2025-12-11T22:06:25","guid":{"rendered":"https:\/\/grandtower.shop\/v2\/?product=canped-emici-kulot-10-lu-kucuk-boy-2"},"modified":"2026-04-02T16:26:58","modified_gmt":"2026-04-02T13:26:58","slug":"canped-emici-kulot-10-lu-kucuk-boy-2","status":"publish","type":"product","link":"https:\/\/grandtower.shop\/?product=canped-emici-kulot-10-lu-kucuk-boy-2","title":{"rendered":"Canped Emici K\u00fclot 10 Lu K\u00fc\u00e7\u00fck Boy"},"content":{"rendered":"","protected":false},"excerpt":{"rendered":"","protected":false},"featured_media":414,"comment_status":"open","ping_status":"closed","template":"","meta":[],"product_brand":[35],"product_cat":[30],"product_tag":[34],"class_list":{"0":"post-450","1":"product","2":"type-product","3":"status-publish","4":"has-post-thumbnail","6":"product_brand-canped","7":"product_cat-bebek","8":"product_tag-bebek-bezi","10":"first","11":"instock","12":"shipping-taxable","13":"purchasable","14":"product-type-simple"},"_links":{"self":[{"href":"https:\/\/grandtower.shop\/index.php?rest_route=\/wp\/v2\/product\/450","targetHints":{"allow":["GET"]}}],"collection":[{"href":"https:\/\/grandtower.shop\/index.php?rest_route=\/wp\/v2\/product"}],"about":[{"href":"https:\/\/grandtower.shop\/index.php?rest_route=\/wp\/v2\/types\/product"}],"replies":[{"embeddable":true,"href":"https:\/\/grandtower.shop\/index.php?rest_route=%2Fwp%2Fv2%2Fcomments&post=450"}],"wp:featuredmedia":[{"embeddable":true,"href":"https:\/\/grandtower.shop\/index.php?rest_route=\/wp\/v2\/media\/414"}],"wp:attachment":[{"href":"https:\/\/grandtower.shop\/index.php?rest_route=%2Fwp%2Fv2%2Fmedia&parent=450"}],"wp:term":[{"taxonomy":"product_brand","embeddable":true,"href":"https:\/\/grandtower.shop\/index.php?rest_route=%2Fwp%2Fv2%2Fproduct_brand&post=450"},{"taxonomy":"product_cat","embeddable":true,"href":"https:\/\/grandtower.shop\/index.php?rest_route=%2Fwp%2Fv2%2Fproduct_cat&post=450"},{"taxonomy":"product_tag","embeddable":true,"href":"https:\/\/grandtower.shop\/index.php?rest_route=%2Fwp%2Fv2%2Fproduct_tag&post=450"}],"curies":[{"name":"wp","href":"https:\/\/api.w.org\/{rel}","templated":true}]}}