{"id":510,"date":"2025-12-12T01:40:17","date_gmt":"2025-12-11T22:40:17","guid":{"rendered":"https:\/\/grandtower.shop\/v2\/?product=uni-baby-camasir-deterjani-1500ml-hassas"},"modified":"2026-04-02T16:26:58","modified_gmt":"2026-04-02T13:26:58","slug":"uni-baby-camasir-deterjani-1500ml-hassas","status":"publish","type":"product","link":"https:\/\/grandtower.shop\/urun\/uni-baby-camasir-deterjani-1500ml-hassas\/","title":{"rendered":"Uni Baby \u00c7ama\u015f\u0131r Deterjan\u0131 1500Ml Hassas"},"content":{"rendered":"","protected":false},"excerpt":{"rendered":"","protected":false},"featured_media":509,"comment_status":"open","ping_status":"closed","template":"","meta":[],"product_brand":[44],"product_cat":[30],"product_tag":[39],"class_list":{"0":"post-510","1":"product","2":"type-product","3":"status-publish","4":"has-post-thumbnail","6":"product_brand-uni-baby","7":"product_cat-bebek","8":"product_tag-bebek-deterjan","10":"first","11":"instock","12":"shipping-taxable","13":"purchasable","14":"product-type-simple"},"_links":{"self":[{"href":"https:\/\/grandtower.shop\/wp-json\/wp\/v2\/product\/510","targetHints":{"allow":["GET"]}}],"collection":[{"href":"https:\/\/grandtower.shop\/wp-json\/wp\/v2\/product"}],"about":[{"href":"https:\/\/grandtower.shop\/wp-json\/wp\/v2\/types\/product"}],"replies":[{"embeddable":true,"href":"https:\/\/grandtower.shop\/wp-json\/wp\/v2\/comments?post=510"}],"wp:featuredmedia":[{"embeddable":true,"href":"https:\/\/grandtower.shop\/wp-json\/wp\/v2\/media\/509"}],"wp:attachment":[{"href":"https:\/\/grandtower.shop\/wp-json\/wp\/v2\/media?parent=510"}],"wp:term":[{"taxonomy":"product_brand","embeddable":true,"href":"https:\/\/grandtower.shop\/wp-json\/wp\/v2\/product_brand?post=510"},{"taxonomy":"product_cat","embeddable":true,"href":"https:\/\/grandtower.shop\/wp-json\/wp\/v2\/product_cat?post=510"},{"taxonomy":"product_tag","embeddable":true,"href":"https:\/\/grandtower.shop\/wp-json\/wp\/v2\/product_tag?post=510"}],"curies":[{"name":"wp","href":"https:\/\/api.w.org\/{rel}","templated":true}]}}