{"id":514,"date":"2025-12-12T01:40:19","date_gmt":"2025-12-11T22:40:19","guid":{"rendered":"https:\/\/grandtower.shop\/v2\/?product=uni-baby-camasir-sabunu-1500ml-yenidogan"},"modified":"2026-04-02T16:26:58","modified_gmt":"2026-04-02T13:26:58","slug":"uni-baby-camasir-sabunu-1500ml-yenidogan","status":"publish","type":"product","link":"https:\/\/grandtower.shop\/?product=uni-baby-camasir-sabunu-1500ml-yenidogan","title":{"rendered":"Uni Baby \u00c7ama\u015f\u0131r Sabunu 1500Ml Yenido\u011fan"},"content":{"rendered":"","protected":false},"excerpt":{"rendered":"","protected":false},"featured_media":513,"comment_status":"open","ping_status":"closed","template":"","meta":[],"product_brand":[44],"product_cat":[30],"product_tag":[39],"class_list":{"0":"post-514","1":"product","2":"type-product","3":"status-publish","4":"has-post-thumbnail","6":"product_brand-uni-baby","7":"product_cat-bebek","8":"product_tag-bebek-deterjan","10":"first","11":"instock","12":"shipping-taxable","13":"purchasable","14":"product-type-simple"},"_links":{"self":[{"href":"https:\/\/grandtower.shop\/index.php?rest_route=\/wp\/v2\/product\/514","targetHints":{"allow":["GET"]}}],"collection":[{"href":"https:\/\/grandtower.shop\/index.php?rest_route=\/wp\/v2\/product"}],"about":[{"href":"https:\/\/grandtower.shop\/index.php?rest_route=\/wp\/v2\/types\/product"}],"replies":[{"embeddable":true,"href":"https:\/\/grandtower.shop\/index.php?rest_route=%2Fwp%2Fv2%2Fcomments&post=514"}],"wp:featuredmedia":[{"embeddable":true,"href":"https:\/\/grandtower.shop\/index.php?rest_route=\/wp\/v2\/media\/513"}],"wp:attachment":[{"href":"https:\/\/grandtower.shop\/index.php?rest_route=%2Fwp%2Fv2%2Fmedia&parent=514"}],"wp:term":[{"taxonomy":"product_brand","embeddable":true,"href":"https:\/\/grandtower.shop\/index.php?rest_route=%2Fwp%2Fv2%2Fproduct_brand&post=514"},{"taxonomy":"product_cat","embeddable":true,"href":"https:\/\/grandtower.shop\/index.php?rest_route=%2Fwp%2Fv2%2Fproduct_cat&post=514"},{"taxonomy":"product_tag","embeddable":true,"href":"https:\/\/grandtower.shop\/index.php?rest_route=%2Fwp%2Fv2%2Fproduct_tag&post=514"}],"curies":[{"name":"wp","href":"https:\/\/api.w.org\/{rel}","templated":true}]}}