{"id":604,"date":"2025-12-12T01:48:04","date_gmt":"2025-12-11T22:48:04","guid":{"rendered":"https:\/\/grandtower.shop\/v2\/?product=whiskas-pounch-4x85gr-junior-klasik-ogunler"},"modified":"2026-04-02T16:26:57","modified_gmt":"2026-04-02T13:26:57","slug":"whiskas-pounch-4x85gr-junior-klasik-ogunler","status":"publish","type":"product","link":"https:\/\/grandtower.shop\/?product=whiskas-pounch-4x85gr-junior-klasik-ogunler","title":{"rendered":"Whiskas Pounch 4X85Gr Junior Klasik \u00d6\u011f\u00fcnler"},"content":{"rendered":"","protected":false},"excerpt":{"rendered":"","protected":false},"featured_media":603,"comment_status":"open","ping_status":"closed","template":"","meta":[],"product_brand":[62],"product_cat":[45],"product_tag":[46],"class_list":{"0":"post-604","1":"product","2":"type-product","3":"status-publish","4":"has-post-thumbnail","6":"product_brand-whiskas","7":"product_cat-diger","8":"product_tag-petshop","10":"first","11":"instock","12":"shipping-taxable","13":"purchasable","14":"product-type-simple"},"_links":{"self":[{"href":"https:\/\/grandtower.shop\/index.php?rest_route=\/wp\/v2\/product\/604","targetHints":{"allow":["GET"]}}],"collection":[{"href":"https:\/\/grandtower.shop\/index.php?rest_route=\/wp\/v2\/product"}],"about":[{"href":"https:\/\/grandtower.shop\/index.php?rest_route=\/wp\/v2\/types\/product"}],"replies":[{"embeddable":true,"href":"https:\/\/grandtower.shop\/index.php?rest_route=%2Fwp%2Fv2%2Fcomments&post=604"}],"wp:featuredmedia":[{"embeddable":true,"href":"https:\/\/grandtower.shop\/index.php?rest_route=\/wp\/v2\/media\/603"}],"wp:attachment":[{"href":"https:\/\/grandtower.shop\/index.php?rest_route=%2Fwp%2Fv2%2Fmedia&parent=604"}],"wp:term":[{"taxonomy":"product_brand","embeddable":true,"href":"https:\/\/grandtower.shop\/index.php?rest_route=%2Fwp%2Fv2%2Fproduct_brand&post=604"},{"taxonomy":"product_cat","embeddable":true,"href":"https:\/\/grandtower.shop\/index.php?rest_route=%2Fwp%2Fv2%2Fproduct_cat&post=604"},{"taxonomy":"product_tag","embeddable":true,"href":"https:\/\/grandtower.shop\/index.php?rest_route=%2Fwp%2Fv2%2Fproduct_tag&post=604"}],"curies":[{"name":"wp","href":"https:\/\/api.w.org\/{rel}","templated":true}]}}