{"id":612,"date":"2025-12-12T01:48:50","date_gmt":"2025-12-11T22:48:50","guid":{"rendered":"https:\/\/grandtower.shop\/v2\/?product=algida-carte-dor-selection-belcika-ruyasi-800ml"},"modified":"2026-04-02T16:26:57","modified_gmt":"2026-04-02T13:26:57","slug":"algida-carte-dor-selection-belcika-ruyasi-800ml","status":"publish","type":"product","link":"https:\/\/grandtower.shop\/urun\/algida-carte-dor-selection-belcika-ruyasi-800ml\/","title":{"rendered":"Algida Carte D&#8217;Or Select\u0131on Bel\u00e7ika R\u00fcyas\u0131 800Ml"},"content":{"rendered":"","protected":false},"excerpt":{"rendered":"","protected":false},"featured_media":611,"comment_status":"open","ping_status":"closed","template":"","meta":[],"product_brand":[65],"product_cat":[63],"product_tag":[64],"class_list":{"0":"post-612","1":"product","2":"type-product","3":"status-publish","4":"has-post-thumbnail","6":"product_brand-algida","7":"product_cat-dondurma","8":"product_tag-kap-dondurma","10":"first","11":"instock","12":"shipping-taxable","13":"purchasable","14":"product-type-simple"},"_links":{"self":[{"href":"https:\/\/grandtower.shop\/wp-json\/wp\/v2\/product\/612","targetHints":{"allow":["GET"]}}],"collection":[{"href":"https:\/\/grandtower.shop\/wp-json\/wp\/v2\/product"}],"about":[{"href":"https:\/\/grandtower.shop\/wp-json\/wp\/v2\/types\/product"}],"replies":[{"embeddable":true,"href":"https:\/\/grandtower.shop\/wp-json\/wp\/v2\/comments?post=612"}],"wp:featuredmedia":[{"embeddable":true,"href":"https:\/\/grandtower.shop\/wp-json\/wp\/v2\/media\/611"}],"wp:attachment":[{"href":"https:\/\/grandtower.shop\/wp-json\/wp\/v2\/media?parent=612"}],"wp:term":[{"taxonomy":"product_brand","embeddable":true,"href":"https:\/\/grandtower.shop\/wp-json\/wp\/v2\/product_brand?post=612"},{"taxonomy":"product_cat","embeddable":true,"href":"https:\/\/grandtower.shop\/wp-json\/wp\/v2\/product_cat?post=612"},{"taxonomy":"product_tag","embeddable":true,"href":"https:\/\/grandtower.shop\/wp-json\/wp\/v2\/product_tag?post=612"}],"curies":[{"name":"wp","href":"https:\/\/api.w.org\/{rel}","templated":true}]}}