{"id":660,"date":"2025-12-12T01:50:38","date_gmt":"2025-12-11T22:50:38","guid":{"rendered":"https:\/\/grandtower.shop\/v2\/?product=alpedo-dondurma-yaz-gulu-cikolata-sade-155-gr"},"modified":"2026-04-02T16:26:57","modified_gmt":"2026-04-02T13:26:57","slug":"alpedo-dondurma-yaz-gulu-cikolata-sade-155-gr","status":"publish","type":"product","link":"https:\/\/grandtower.shop\/?product=alpedo-dondurma-yaz-gulu-cikolata-sade-155-gr","title":{"rendered":"Alpedo  Dondurma Yaz G\u00fcl\u00fc \u00c7ikolata Sade 155 gr"},"content":{"rendered":"","protected":false},"excerpt":{"rendered":"","protected":false},"featured_media":659,"comment_status":"open","ping_status":"closed","template":"","meta":[],"product_brand":[69],"product_cat":[63],"product_tag":[64],"class_list":{"0":"post-660","1":"product","2":"type-product","3":"status-publish","4":"has-post-thumbnail","6":"product_brand-farmbella","7":"product_cat-dondurma","8":"product_tag-kap-dondurma","10":"first","11":"instock","12":"shipping-taxable","13":"purchasable","14":"product-type-simple"},"_links":{"self":[{"href":"https:\/\/grandtower.shop\/index.php?rest_route=\/wp\/v2\/product\/660","targetHints":{"allow":["GET"]}}],"collection":[{"href":"https:\/\/grandtower.shop\/index.php?rest_route=\/wp\/v2\/product"}],"about":[{"href":"https:\/\/grandtower.shop\/index.php?rest_route=\/wp\/v2\/types\/product"}],"replies":[{"embeddable":true,"href":"https:\/\/grandtower.shop\/index.php?rest_route=%2Fwp%2Fv2%2Fcomments&post=660"}],"wp:featuredmedia":[{"embeddable":true,"href":"https:\/\/grandtower.shop\/index.php?rest_route=\/wp\/v2\/media\/659"}],"wp:attachment":[{"href":"https:\/\/grandtower.shop\/index.php?rest_route=%2Fwp%2Fv2%2Fmedia&parent=660"}],"wp:term":[{"taxonomy":"product_brand","embeddable":true,"href":"https:\/\/grandtower.shop\/index.php?rest_route=%2Fwp%2Fv2%2Fproduct_brand&post=660"},{"taxonomy":"product_cat","embeddable":true,"href":"https:\/\/grandtower.shop\/index.php?rest_route=%2Fwp%2Fv2%2Fproduct_cat&post=660"},{"taxonomy":"product_tag","embeddable":true,"href":"https:\/\/grandtower.shop\/index.php?rest_route=%2Fwp%2Fv2%2Fproduct_tag&post=660"}],"curies":[{"name":"wp","href":"https:\/\/api.w.org\/{rel}","templated":true}]}}