{"id":676,"date":"2025-12-12T01:50:46","date_gmt":"2025-12-11T22:50:46","guid":{"rendered":"https:\/\/grandtower.shop\/v2\/?product=icim-sef-krema-200ml-pesto-feslegenli"},"modified":"2026-04-02T16:26:57","modified_gmt":"2026-04-02T13:26:57","slug":"icim-sef-krema-200ml-pesto-feslegenli","status":"publish","type":"product","link":"https:\/\/grandtower.shop\/?product=icim-sef-krema-200ml-pesto-feslegenli","title":{"rendered":"\u0130\u00e7im \u015eef Krema 200Ml Pesto Fesle\u011fenli"},"content":{"rendered":"","protected":false},"excerpt":{"rendered":"","protected":false},"featured_media":675,"comment_status":"open","ping_status":"closed","template":"","meta":[],"product_brand":[75],"product_cat":[63],"product_tag":[71,70],"class_list":{"0":"post-676","1":"product","2":"type-product","3":"status-publish","4":"has-post-thumbnail","6":"product_brand-icim","7":"product_cat-dondurma","8":"product_tag-krema","9":"product_tag-sutlu-tatli","11":"first","12":"instock","13":"shipping-taxable","14":"purchasable","15":"product-type-simple"},"_links":{"self":[{"href":"https:\/\/grandtower.shop\/index.php?rest_route=\/wp\/v2\/product\/676","targetHints":{"allow":["GET"]}}],"collection":[{"href":"https:\/\/grandtower.shop\/index.php?rest_route=\/wp\/v2\/product"}],"about":[{"href":"https:\/\/grandtower.shop\/index.php?rest_route=\/wp\/v2\/types\/product"}],"replies":[{"embeddable":true,"href":"https:\/\/grandtower.shop\/index.php?rest_route=%2Fwp%2Fv2%2Fcomments&post=676"}],"wp:featuredmedia":[{"embeddable":true,"href":"https:\/\/grandtower.shop\/index.php?rest_route=\/wp\/v2\/media\/675"}],"wp:attachment":[{"href":"https:\/\/grandtower.shop\/index.php?rest_route=%2Fwp%2Fv2%2Fmedia&parent=676"}],"wp:term":[{"taxonomy":"product_brand","embeddable":true,"href":"https:\/\/grandtower.shop\/index.php?rest_route=%2Fwp%2Fv2%2Fproduct_brand&post=676"},{"taxonomy":"product_cat","embeddable":true,"href":"https:\/\/grandtower.shop\/index.php?rest_route=%2Fwp%2Fv2%2Fproduct_cat&post=676"},{"taxonomy":"product_tag","embeddable":true,"href":"https:\/\/grandtower.shop\/index.php?rest_route=%2Fwp%2Fv2%2Fproduct_tag&post=676"}],"curies":[{"name":"wp","href":"https:\/\/api.w.org\/{rel}","templated":true}]}}